{"id":11179,"date":"2026-03-25T07:12:52","date_gmt":"2026-03-25T06:12:52","guid":{"rendered":"https:\/\/yachtprospain.com\/?post_type=product&#038;p=11179"},"modified":"2026-03-25T07:15:17","modified_gmt":"2026-03-25T06:15:17","slug":"reserva-de-embarcacion-en-fuengirola-yachtpro-spain-2","status":"publish","type":"product","link":"https:\/\/yachtprospain.com\/fr\/produit\/reserva-de-embarcacion-en-fuengirola-yachtpro-spain-2\/","title":{"rendered":"Location de bateaux \u00e0 Fuengirola | YachtPro Espagne 2"},"content":{"rendered":"<div class=\"yp-container\" style=\"max-width: 650px; margin: auto; color: #1f2937; font-family: Inter, sans-serif; text-align: left;\">\n<h2 style=\"font-size: 26px; font-weight: 800; margin-bottom: 10px; color: #111827;\">D\u00e9tails de la r\u00e9servation de bateau \u00e0 Fuengirola<\/h2>\n<p style=\"font-size: 16px; line-height: 1.6; margin-bottom: 20px; color: #374151;\">Dans <strong>YachtPro Espagne<\/strong> Nous vous offrons la possibilit\u00e9 de vivre une exp\u00e9rience de navigation unique en mer M\u00e9diterran\u00e9e.<br \/>\nAvec nos bateaux, vous b\u00e9n\u00e9ficierez d&#039;un confort maximal, que ce soit avec un skipper professionnel ou un skipper agr\u00e9\u00e9, toujours en toute s\u00e9curit\u00e9 gr\u00e2ce \u00e0 notre \u00e9quipe sp\u00e9cialis\u00e9e.<\/p>\n<p><!-- Secciones desplegables --><\/p>\n<div class=\"yp-accordion\">\n<details style=\"margin-bottom: 12px;\">\n<summary style=\"cursor: pointer; font-weight: bold; font-size: 18px; color: #111827; display: flex; justify-content: space-between; align-items: center; padding: 10px 0; border-bottom: 1px solid #e5e7eb; text-align: left;\">Qu&#039;est-ce qui est inclus dans votre r\u00e9servation\u00a0?<br \/>\n<span style=\"font-size: 16px; transform: rotate(0); transition: all .3s;\">\u25bc<\/span><\/summary>\n<div style=\"padding: 10px 0; color: #374151; text-align: left;\">Consignes de s\u00e9curit\u00e9 et pr\u00e9sentation du navire.<br \/>\nGilets de sauvetage et \u00e9quipement n\u00e9cessaire.<br \/>\nBateau en parfait \u00e9tat, avec cabines et espaces am\u00e9nag\u00e9s pour votre confort.<br \/>\nAssistance de notre \u00e9quipe en permanence.<\/div>\n<\/details>\n<details style=\"margin-bottom: 12px;\">\n<summary style=\"cursor: pointer; font-weight: bold; font-size: 18px; color: #111827; display: flex; justify-content: space-between; align-items: center; padding: 10px 0; border-bottom: 1px solid #e5e7eb; text-align: left;\">exigences importantes<br \/>\n<span style=\"font-size: 16px;\">\u25bc<\/span><\/summary>\n<div style=\"padding: 10px 0; color: #374151; text-align: left;\">Vous n&#039;avez pas besoin d&#039;exp\u00e9rience pr\u00e9alable si vous \u00eates embauch\u00e9 par l&#039;interm\u00e9diaire d&#039;un employeur.<br \/>\n\u00c2ge minimum pour naviguer sans skipper : 18 ans.<br \/>\nCaution (esp\u00e8ces ou carte, remboursable \u00e0 la fin des travaux).<br \/>\nIl est obligatoire de pr\u00e9senter sa carte d&#039;identit\u00e9 ou son passeport.<\/div>\n<\/details>\n<details style=\"margin-bottom: 12px;\">\n<summary style=\"cursor: pointer; font-weight: bold; font-size: 18px; color: #111827; display: flex; justify-content: space-between; align-items: center; padding: 10px 0; border-bottom: 1px solid #e5e7eb; text-align: left;\">Comment fonctionne la r\u00e9servation<br \/>\n<span style=\"font-size: 16px;\">\u25bc<\/span><\/summary>\n<div style=\"padding: 10px 0; color: #374151; text-align: left;\">Consultez les disponibilit\u00e9s sur notre calendrier en ligne et choisissez la date qui vous convient.<br \/>\nContactez notre conseiller via WhatsApp pour confirmer les horaires et dissiper tout doute.<br \/>\nEffectuez le paiement anticip\u00e9 de <strong>50 \u20ac<\/strong> R\u00e9servez votre place depuis cette page.<br \/>\nLe jour de votre d\u00e9part, pr\u00e9sentez votre bon et annulez le reste de la prestation dans nos locaux.<\/div>\n<\/details>\n<details style=\"margin-bottom: 12px;\">\n<summary style=\"cursor: pointer; font-weight: bold; font-size: 18px; color: #111827; display: flex; justify-content: space-between; align-items: center; padding: 10px 0; border-bottom: 1px solid #e5e7eb; text-align: left;\">Pourquoi choisir YachtPro Espagne ?<br \/>\n<span style=\"font-size: 16px;\">\u25bc<\/span><\/summary>\n<div style=\"padding: 10px 0; color: #374151; text-align: left;\">Plus de 10 ans d&#039;exp\u00e9rience dans les activit\u00e9s nautiques sur la Costa del Sol.<br \/>\nUn accueil personnalis\u00e9 et chaleureux avant, pendant et apr\u00e8s votre exp\u00e9rience.<br \/>\nBateaux modernes, r\u00e9vis\u00e9s et en excellent \u00e9tat.<br \/>\nFlexibilit\u00e9 : possibilit\u00e9 de travailler pour un employeur professionnel ou d&#039;utiliser votre propre licence.<\/div>\n<\/details>\n<details>\n<summary style=\"cursor: pointer; font-weight: bold; font-size: 18px; color: #111827; display: flex; justify-content: space-between; align-items: center; padding: 10px 0; border-bottom: 1px solid #e5e7eb; text-align: left;\">Questions fr\u00e9quentes sur la location de bateaux \u00e0 Fuengirola<br \/>\n<span style=\"font-size: 16px;\">\u25bc<\/span><\/summary>\n<div style=\"padding: 10px 0; color: #374151; text-align: left;\">\n<p><strong>La location de bateaux est-elle ch\u00e8re ?<\/strong><br \/>\nNon, la valeur de l&#039;exp\u00e9rience d\u00e9passe largement le prix. Il n&#039;y a pas de frais cach\u00e9s et tout est d\u00e9taill\u00e9 d\u00e8s le d\u00e9part.<\/p>\n<p><strong>Dois-je verser une caution et me sera-t-elle rembours\u00e9e\u00a0?<\/strong><br \/>\nOui, il vous est restitu\u00e9 \u00e0 la fin de la prestation si tout est en ordre. C&#039;est une proc\u00e9dure standard pour votre s\u00e9curit\u00e9.<\/p>\n<p><strong>Ai-je besoin d&#039;un permis de conduire ?<\/strong><br \/>\nUniquement sur certains bateaux. Si vous n&#039;en avez pas, vous pouvez r\u00e9server les services d&#039;un skipper professionnel et ne plus vous soucier de rien.<\/p>\n<p><strong>Que se passe-t-il si la m\u00e9t\u00e9o n&#039;est pas cl\u00e9mente ?<\/strong><br \/>\nVous pouvez reporter votre rendez-vous sans frais suppl\u00e9mentaires ou demander le remboursement de votre acompte.<\/p>\n<\/div>\n<\/details>\n<\/div>\n<div style=\"margin-top: 20px; font-size: 16px; font-weight: 600; color: #111827;\">R\u00e9servez votre bateau d\u00e8s maintenant \u00e0 Fuengirola et d\u00e9couvrez la M\u00e9diterran\u00e9e avec style, confort et la tranquillit\u00e9 d&#039;esprit de naviguer avec les meilleurs.<\/div>\n<\/div>","protected":false},"excerpt":{"rendered":"<h2>R\u00e9servation de bateaux \u00e0 Fuengirola<\/h2>\n<p>Avec YachtPro Spain, vous assurez votre exp\u00e9rience nautique dans le <strong>Costa del Sol<\/strong>. Notre plateforme de r\u00e9servation vous permet de confirmer votre date de d\u00e9part rapidement, facilement et en toute s\u00e9curit\u00e9.<\/p>","protected":false},"featured_media":8994,"comment_status":"closed","ping_status":"closed","template":"","meta":{"jetpack_post_was_ever_published":false,"_joinchat":[],"jetpack_publicize_message":"","jetpack_publicize_feature_enabled":true,"jetpack_social_post_already_shared":true,"jetpack_social_options":{"image_generator_settings":{"template":"highway","default_image_id":0,"font":"","enabled":false},"version":2}},"product_brand":[],"product_cat":[274],"product_tag":[],"class_list":{"0":"post-11179","1":"product","2":"type-product","3":"status-publish","4":"has-post-thumbnail","6":"product_cat-reservas","8":"first","9":"instock","10":"sold-individually","11":"shipping-taxable","12":"purchasable","13":"product-type-simple"},"jetpack_publicize_connections":[],"jetpack_sharing_enabled":true,"_links":{"self":[{"href":"https:\/\/yachtprospain.com\/fr\/wp-json\/wp\/v2\/product\/11179","targetHints":{"allow":["GET"]}}],"collection":[{"href":"https:\/\/yachtprospain.com\/fr\/wp-json\/wp\/v2\/product"}],"about":[{"href":"https:\/\/yachtprospain.com\/fr\/wp-json\/wp\/v2\/types\/product"}],"replies":[{"embeddable":true,"href":"https:\/\/yachtprospain.com\/fr\/wp-json\/wp\/v2\/comments?post=11179"}],"wp:featuredmedia":[{"embeddable":true,"href":"https:\/\/yachtprospain.com\/fr\/wp-json\/wp\/v2\/media\/8994"}],"wp:attachment":[{"href":"https:\/\/yachtprospain.com\/fr\/wp-json\/wp\/v2\/media?parent=11179"}],"wp:term":[{"taxonomy":"product_brand","embeddable":true,"href":"https:\/\/yachtprospain.com\/fr\/wp-json\/wp\/v2\/product_brand?post=11179"},{"taxonomy":"product_cat","embeddable":true,"href":"https:\/\/yachtprospain.com\/fr\/wp-json\/wp\/v2\/product_cat?post=11179"},{"taxonomy":"product_tag","embeddable":true,"href":"https:\/\/yachtprospain.com\/fr\/wp-json\/wp\/v2\/product_tag?post=11179"}],"curies":[{"name":"wp","href":"https:\/\/api.w.org\/{rel}","templated":true}]}}