{"id":10385,"date":"2025-09-17T06:27:21","date_gmt":"2025-09-17T04:27:21","guid":{"rendered":"https:\/\/yachtprospain.com\/?post_type=product&#038;p=10385"},"modified":"2025-09-17T19:18:11","modified_gmt":"2025-09-17T17:18:11","slug":"reserva-de-moto","status":"publish","type":"product","link":"https:\/\/yachtprospain.com\/fr\/produit\/reserva-de-moto\/","title":{"rendered":"Location de jet-skis \u00e0 Fuengirola | YachtPro Espagne"},"content":{"rendered":"<div class=\"yp-container\" style=\"max-width: 650px; margin: auto; color: #1f2937; font-family: Inter, sans-serif; text-align: left;\">\n<h2 style=\"font-size: 26px; font-weight: 800; margin-bottom: 10px; color: #111827; text-align: left;\">D\u00e9tails lors de la r\u00e9servation de votre jet ski \u00e0 Fuengirola<\/h2>\n<p style=\"font-size: 16px; line-height: 1.6; margin-bottom: 20px; color: #374151; text-align: left;\">Dans <strong>YachtPro Espagne<\/strong> Nous vous offrons la possibilit\u00e9 de vivre une exp\u00e9rience inoubliable sur la mer M\u00e9diterran\u00e9e.<br \/>\nAvec nos jet skis, vous profiterez d&#039;une libert\u00e9 maximale, que vous soyez titulaire d&#039;un permis ou accompagn\u00e9 d&#039;un guide, toujours en toute s\u00e9curit\u00e9 et avec le soutien de notre \u00e9quipe professionnelle.<\/p>\n<p><!-- Secciones desplegables --><\/p>\n<div class=\"yp-accordion\" style=\"text-align: left;\">\n<details style=\"margin-bottom: 12px;\">\n<summary style=\"cursor: pointer; font-weight: bold; font-size: 18px; color: #111827; display: flex; justify-content: space-between; align-items: center; padding: 10px 0; border-bottom: 1px solid #e5e7eb; text-align: left;\">Qu&#039;est-ce qui est inclus dans votre r\u00e9servation\u00a0?<br \/>\n<span style=\"font-size: 16px;\">\u25bc<\/span><\/summary>\n<div style=\"padding: 10px 0; color: #374151; text-align: left;\">Consignes de s\u00e9curit\u00e9 et introduction \u00e0 la manipulation.<br \/>\nGilet de sauvetage et \u00e9quipement n\u00e9cessaire.<br \/>\nUn instructeur attentif veillera \u00e0 votre s\u00e9curit\u00e9.<br \/>\nOption compagnon (hauteur minimale de 1,30 m).<\/div>\n<\/details>\n<details style=\"margin-bottom: 12px;\">\n<summary style=\"cursor: pointer; font-weight: bold; font-size: 18px; color: #111827; display: flex; justify-content: space-between; align-items: center; padding: 10px 0; border-bottom: 1px solid #e5e7eb; text-align: left;\">exigences importantes<br \/>\n<span style=\"font-size: 16px;\">\u25bc<\/span><\/summary>\n<div style=\"padding: 10px 0; color: #374151; text-align: left;\">Aucune exp\u00e9rience pr\u00e9alable n&#039;est requise.<br \/>\n\u00c2ge minimum : 18 ans (ou 16 ans avec autorisation l\u00e9gale).<br \/>\nd\u00e9p\u00f4t de garantie de <strong>100 \u20ac<\/strong> (esp\u00e8ces ou carte, rembours\u00e9es \u00e0 la fin).<br \/>\nIl est obligatoire de pr\u00e9senter sa carte d&#039;identit\u00e9 ou son passeport.<\/div>\n<\/details>\n<details style=\"margin-bottom: 12px;\">\n<summary style=\"cursor: pointer; font-weight: bold; font-size: 18px; color: #111827; display: flex; justify-content: space-between; align-items: center; padding: 10px 0; border-bottom: 1px solid #e5e7eb; text-align: left;\">Comment fonctionne la r\u00e9servation<br \/>\n<span style=\"font-size: 16px;\">\u25bc<\/span><\/summary>\n<div style=\"padding: 10px 0; color: #374151; text-align: left;\">Consultez les disponibilit\u00e9s sur notre calendrier en ligne et confirmez la date qui vous convient le mieux.<br \/>\nContactez notre conseiller via WhatsApp pour confirmer les horaires et dissiper tout doute.<br \/>\nEffectuez le paiement anticip\u00e9 de <strong>30 \u20ac<\/strong> R\u00e9servez votre place depuis cette page.<br \/>\nLe jour de l&#039;activit\u00e9, pr\u00e9sentez votre bon et r\u00e9glez le solde restant sur place. Cette r\u00e9servation en ligne vous garantit votre place rapidement et facilement.<\/p>\n<\/div>\n<\/details>\n<details style=\"margin-bottom: 12px;\">\n<summary style=\"cursor: pointer; font-weight: bold; font-size: 18px; color: #111827; display: flex; justify-content: space-between; align-items: center; padding: 10px 0; border-bottom: 1px solid #e5e7eb; text-align: left;\">Pourquoi choisir YachtPro Espagne ?<br \/>\n<span style=\"font-size: 16px;\">\u25bc<\/span><\/summary>\n<div style=\"padding: 10px 0; color: #374151; text-align: left;\">Plus de 10 ans d&#039;exp\u00e9rience dans les activit\u00e9s nautiques sur la Costa del Sol.<br \/>\nUn accueil personnalis\u00e9 et un service chaleureux.<br \/>\n\u00c9quipement moderne, v\u00e9rifi\u00e9 et en parfait \u00e9tat.<\/div>\n<\/details>\n<details>\n<summary style=\"cursor: pointer; font-weight: bold; font-size: 18px; color: #111827; display: flex; justify-content: space-between; align-items: center; padding: 10px 0; border-bottom: 1px solid #e5e7eb; text-align: left;\">Questions fr\u00e9quentes concernant la r\u00e9servation de bateaux<br \/>\n<span style=\"font-size: 16px;\">\u25bc<\/span><\/summary>\n<div style=\"padding: 10px 0; color: #374151; text-align: left;\">\n<p><strong>Louer un bateau \u00e0 Fuengirola est-il cher\u00a0?<\/strong><br \/>\nNon, c&#039;est une exp\u00e9rience de grande qualit\u00e9 \u00e0 un prix abordable. Avec YachtPro Spain, vous b\u00e9n\u00e9ficiez de tarifs transparents, sans frais cach\u00e9s ni mauvaises surprises. Tout est inclus\u00a0: \u00e9quipement de s\u00e9curit\u00e9, inspection du bateau avant le d\u00e9part et assistance de notre \u00e9quipe.<\/p>\n<p><strong>Qu\u2019en est-il de la caution\u00a0? Vais-je la r\u00e9cup\u00e9rer\u00a0?<\/strong><br \/>\nOui, la caution est une garantie, mais elle est toujours rembours\u00e9e \u00e0 la fin de la prestation si tout est conforme. Vous pouvez payer en esp\u00e8ces ou par carte, et le remboursement est imm\u00e9diat.<\/p>\n<p><strong>Ai-je besoin d&#039;un permis pour louer un bateau ?<\/strong><br \/>\nCela d\u00e9pend du type de bateau. Nombre de nos bateaux peuvent \u00eatre lou\u00e9s sans permis, tandis que d&#039;autres n\u00e9cessitent un permis bateau. Pour une navigation en toute s\u00e9r\u00e9nit\u00e9, vous pouvez toujours faire appel \u00e0 un skipper professionnel.<\/p>\n<p><strong>Est-ce sans danger de louer un bateau si je n&#039;en ai jamais lou\u00e9 auparavant\u00a0?<\/strong><br \/>\nS\u00e9curit\u00e9 garantie. Avant le d\u00e9part, vous recevrez des explications claires sur le fonctionnement du bateau et les consignes de s\u00e9curit\u00e9 \u00e0 bord. Tous nos bateaux sont conformes \u00e0 la r\u00e9glementation en vigueur.<\/p>\n<p><strong>Que se passe-t-il en cas de mauvais temps le jour de ma r\u00e9servation\u00a0?<\/strong><br \/>\nLa s\u00e9curit\u00e9 avant tout. En cas de conditions m\u00e9t\u00e9orologiques d\u00e9favorables, vous pouvez reporter votre voyage sans frais suppl\u00e9mentaires ou demander le remboursement de votre acompte.<\/p>\n<p><strong>Comment fonctionne le processus de r\u00e9servation\u00a0?<\/strong><br \/>\nTout d&#039;abord, vous consultez le calendrier et choisissez une date. Ensuite, vous contactez notre conseiller via WhatsApp pour confirmer la disponibilit\u00e9. Apr\u00e8s cela, vous effectuez le paiement anticip\u00e9 de <strong>50 \u20ac<\/strong> Et, le jour de la prestation, vous r\u00e9glez le reste dans nos locaux.<\/p>\n<p><strong>Qu&#039;est-ce qui est inclus dans la r\u00e9servation d&#039;un bateau\u00a0?<\/strong><br \/>\nConsignes de s\u00e9curit\u00e9, gilets de sauvetage et \u00e9quipement, assistance portuaire et bateau moderne pr\u00eat \u00e0 appareiller. Certains mod\u00e8les comprennent \u00e9galement un abri, des si\u00e8ges spacieux et un r\u00e9frig\u00e9rateur.<\/p>\n<\/div>\n<\/details>\n<\/div>\n<div style=\"margin-top: 20px; font-size: 16px; font-weight: 600; color: #111827; text-align: left;\">R\u00e9servez d\u00e8s maintenant votre jet ski \u00e0 Fuengirola et d\u00e9couvrez la Costa del Sol comme jamais auparavant.<\/div>\n<\/div>","protected":false},"excerpt":{"rendered":"<p><strong>Vivez la mont\u00e9e d&#039;adr\u00e9naline de la mer<\/strong> avec nos jet skis \u00e0 Fuengirola.<br \/>\nR\u00e9servez d\u00e8s maintenant et assurez-vous une place pour vivre une exp\u00e9rience unique sur la Costa del Sol.<\/p>","protected":false},"featured_media":10109,"comment_status":"closed","ping_status":"closed","template":"","meta":{"jetpack_post_was_ever_published":false,"_joinchat":[],"jetpack_publicize_message":"","jetpack_publicize_feature_enabled":true,"jetpack_social_post_already_shared":true,"jetpack_social_options":{"image_generator_settings":{"template":"highway","default_image_id":0,"font":"","enabled":false},"version":2}},"product_brand":[],"product_cat":[274],"product_tag":[],"class_list":{"0":"post-10385","1":"product","2":"type-product","3":"status-publish","4":"has-post-thumbnail","6":"product_cat-reservas","8":"first","9":"instock","10":"sold-individually","11":"shipping-taxable","12":"purchasable","13":"product-type-simple"},"jetpack_publicize_connections":[],"jetpack_sharing_enabled":true,"_links":{"self":[{"href":"https:\/\/yachtprospain.com\/fr\/wp-json\/wp\/v2\/product\/10385","targetHints":{"allow":["GET"]}}],"collection":[{"href":"https:\/\/yachtprospain.com\/fr\/wp-json\/wp\/v2\/product"}],"about":[{"href":"https:\/\/yachtprospain.com\/fr\/wp-json\/wp\/v2\/types\/product"}],"replies":[{"embeddable":true,"href":"https:\/\/yachtprospain.com\/fr\/wp-json\/wp\/v2\/comments?post=10385"}],"wp:featuredmedia":[{"embeddable":true,"href":"https:\/\/yachtprospain.com\/fr\/wp-json\/wp\/v2\/media\/10109"}],"wp:attachment":[{"href":"https:\/\/yachtprospain.com\/fr\/wp-json\/wp\/v2\/media?parent=10385"}],"wp:term":[{"taxonomy":"product_brand","embeddable":true,"href":"https:\/\/yachtprospain.com\/fr\/wp-json\/wp\/v2\/product_brand?post=10385"},{"taxonomy":"product_cat","embeddable":true,"href":"https:\/\/yachtprospain.com\/fr\/wp-json\/wp\/v2\/product_cat?post=10385"},{"taxonomy":"product_tag","embeddable":true,"href":"https:\/\/yachtprospain.com\/fr\/wp-json\/wp\/v2\/product_tag?post=10385"}],"curies":[{"name":"wp","href":"https:\/\/api.w.org\/{rel}","templated":true}]}}