{"id":7628,"date":"2022-02-24T18:11:30","date_gmt":"2022-02-24T17:11:30","guid":{"rendered":"https:\/\/yachtprospain.com\/?page_id=7628"},"modified":"2026-01-04T21:11:15","modified_gmt":"2026-01-04T20:11:15","slug":"deportes-acuaticos-malaga","status":"publish","type":"page","link":"https:\/\/yachtprospain.com\/fr\/deportes-acuaticos-malaga\/","title":{"rendered":"sports nautiques"},"content":{"rendered":"<div id=\"fws_69ef7c619dbe6\"  data-column-margin=\"default\" data-midnight=\"light\" data-top-percent=\"18%\" data-bottom-percent=\"18%\"  class=\"wpb_row vc_row-fluid vc_row full-width-section parallax_section\"  style=\"padding-top: calc(100vw * 0.18); padding-bottom: calc(100vw * 0.18); \"><div class=\"row-bg-wrap\" data-bg-animation=\"none\" data-bg-animation-delay=\"\" data-bg-overlay=\"true\"><div class=\"inner-wrap row-bg-layer using-image\" ><div class=\"row-bg viewport-desktop using-image using-bg-color\" data-parallax-speed=\"fast\" style=\"background-image: url(https:\/\/yachtprospain.com\/wp-content\/uploads\/2022\/11\/jet-surf-deportes-acuaticos-1.jpg); background-position: center center; background-repeat: no-repeat; background-color: #333333; \"><\/div><\/div><div class=\"row-bg-overlay row-bg-layer\" style=\"background-color:rgba(10,10,10,0.78);  opacity: 0.8; \"><\/div><\/div><div class=\"row_col_wrap_12 col span_12 light left\">\n\t<div  class=\"vc_col-sm-12 wpb_column column_container vc_column_container col no-extra-padding inherit_tablet inherit_phone flex_gap_desktop_10px\"  data-padding-pos=\"all\" data-has-bg-color=\"false\" data-bg-color=\"\" data-bg-opacity=\"1\" data-animation=\"\" data-delay=\"0\" >\n\t\t<div class=\"vc_column-inner\" >\n\t\t\t<div class=\"wpb_wrapper\">\n\t\t\t\t<div id=\"fws_69ef7c619df41\" data-midnight=\"\" data-column-margin=\"default\" class=\"wpb_row vc_row-fluid vc_row inner_row\"  style=\"\"><div class=\"row-bg-wrap\"> <div class=\"row-bg\" ><\/div> <\/div><div class=\"row_col_wrap_12_inner col span_12  left\">\n\t<div  class=\"vc_col-sm-6 wpb_column column_container vc_column_container col child_column has-animation no-extra-padding inherit_tablet inherit_phone flex_gap_desktop_10px\"   data-padding-pos=\"all\" data-has-bg-color=\"false\" data-bg-color=\"\" data-bg-opacity=\"1\" data-animation=\"fade-in-from-bottom\" data-delay=\"0\" >\n\t\t<div class=\"vc_column-inner\" >\n\t\t<div class=\"wpb_wrapper\">\n\t\t\t\n\t\t<\/div> \n\t<\/div>\n\t<\/div> \n\n\t<div style=\"\" class=\"vc_col-sm-6 wpb_column column_container vc_column_container col child_column padding-5-percent inherit_tablet inherit_phone\"  data-using-bg=\"true\" data-border-radius=\"15px\" data-padding-pos=\"all\" data-has-bg-color=\"true\" data-bg-color=\"#00000042\" data-bg-opacity=\"1\" data-hover-bg=\"#000000B5\" data-hover-bg-opacity=\"1\" data-animation=\"\" data-delay=\"0\" >\n\t\t<div class=\"vc_column-inner\" ><div class=\"column-bg-overlay-wrap column-bg-layer\" data-bg-animation=\"none\"><div class=\"column-bg-overlay\" style=\"opacity: 1; background-color: #00000042;\"><\/div><\/div>\n\t\t<div class=\"wpb_wrapper\">\n\t\t\t\n<div class=\"wpb_text_column wpb_content_element  vc_custom_1767455712413\" >\n\t<h2>JET SURF \u2013 Pilotez l&#039;adr\u00e9naline<\/h2>\n<\/div>\n\n\n\n\n<div class=\"wpb_text_column wpb_content_element  vc_custom_1767455721451\" style=\" max-width: 500px; display: inline-block;\">\n\t<p class=\"p1\">Vivez des sensations fortes en jet surf, ce sport nautique qui allie vitesse, \u00e9quilibre et adr\u00e9naline. Glissez sur les vagues gr\u00e2ce \u00e0 cette planche motoris\u00e9e ultramoderne et savourez la libert\u00e9 de contr\u00f4ler chaque virage comme un vrai pro.<br data-start=\"470\" data-end=\"473\">Id\u00e9al pour les aventuriers en qu\u00eate de nouvelles sensations sur la Costa del Sol.<\/p>\n<\/div>\n\n\n\n\n<div class=\"wpb_text_column wpb_content_element  vc_custom_1767455962322\" >\n\t<p>Comprend l&#039;\u00e9quipement de s\u00e9curit\u00e9 et l&#039;assistance professionnelle.<\/p>\n<\/div>\n\n\n\n<div class=\"nectar-hor-list-item has-btn\" data-hover-effect=\"full_border\" data-br=\"15px\" data-font-family=\"h5\" data-color=\"extra-color-2\" data-columns=\"4\" data-column-layout=\"even\"><div class=\"nectar-list-item\" data-icon=\"false\" data-text-align=\"left\">30 MINUTES<\/div><div class=\"nectar-list-item\" data-text-align=\"left\">150 \u20ac\/personne<\/div><div class=\"nectar-list-item\" data-text-align=\"left\">Maximum 4 personnes<\/div><div class=\"nectar-list-item\" data-text-align=\"left\"><a class=\"nectar-list-item-btn second\" href=\"https:\/\/wa.link\/4xgjef\" rel=\"nofollow noopener\" target=\"_blank\">R\u00e9serve<\/a><\/div><\/div><div class=\"nectar-hor-list-item has-btn\" data-hover-effect=\"full_border\" data-br=\"15px\" data-font-family=\"h5\" data-color=\"extra-color-2\" data-columns=\"4\" data-column-layout=\"even\"><div class=\"nectar-list-item\" data-icon=\"false\" data-text-align=\"left\">1 HEURE<\/div><div class=\"nectar-list-item\" data-text-align=\"left\">250 \u20ac\/personne<\/div><div class=\"nectar-list-item\" data-text-align=\"left\">Maximum 4 personnes<\/div><div class=\"nectar-list-item\" data-text-align=\"left\"><a class=\"nectar-list-item-btn second\" href=\"https:\/\/wa.link\/4xgjef\" rel=\"nofollow noopener\" target=\"_blank\">R\u00e9serve<\/a><\/div><\/div>\n\t\t<\/div> \n\t<\/div>\n\t<\/div> \n<\/div><\/div>\n\t\t\t<\/div> \n\t\t<\/div>\n\t<\/div> \n<\/div><\/div>\n\t\t<div id=\"fws_69ef7c619e81c\"  data-column-margin=\"default\" data-midnight=\"light\" data-top-percent=\"18%\" data-bottom-percent=\"18%\"  class=\"wpb_row vc_row-fluid vc_row full-width-section parallax_section\"  style=\"padding-top: calc(100vw * 0.18); padding-bottom: calc(100vw * 0.18); \"><div class=\"row-bg-wrap\" data-bg-animation=\"none\" data-bg-animation-delay=\"\" data-bg-overlay=\"true\"><div class=\"inner-wrap row-bg-layer using-image\" ><div class=\"row-bg viewport-desktop using-image using-bg-color\" data-parallax-speed=\"fast\" style=\"background-image: url(https:\/\/yachtprospain.com\/wp-content\/uploads\/2022\/11\/wakeboard-deportes-acuaticos-1.jpg); background-position: center center; background-repeat: no-repeat; background-color: #333333; \"><\/div><\/div><div class=\"row-bg-overlay row-bg-layer\" style=\"background-color:rgba(10,10,10,0.78);  opacity: 0.8; \"><\/div><\/div><div class=\"row_col_wrap_12 col span_12 light left\">\n\t<div  class=\"vc_col-sm-12 wpb_column column_container vc_column_container col no-extra-padding inherit_tablet inherit_phone flex_gap_desktop_10px\"  data-padding-pos=\"all\" data-has-bg-color=\"false\" data-bg-color=\"\" data-bg-opacity=\"1\" data-animation=\"\" data-delay=\"0\" >\n\t\t<div class=\"vc_column-inner\" >\n\t\t\t<div class=\"wpb_wrapper\">\n\t\t\t\t<div id=\"fws_69ef7c619e9cd\" data-midnight=\"\" data-column-margin=\"default\" class=\"wpb_row vc_row-fluid vc_row inner_row\"  style=\"\"><div class=\"row-bg-wrap\"> <div class=\"row-bg\" ><\/div> <\/div><div class=\"row_col_wrap_12_inner col span_12  left\">\n\t<div style=\"\" class=\"vc_col-sm-6 wpb_column column_container vc_column_container col child_column has-animation padding-4-percent inherit_tablet padding-2-percent_phone\"  data-using-bg=\"true\" data-border-radius=\"10px\" data-padding-pos=\"all\" data-has-bg-color=\"true\" data-bg-color=\"#00000047\" data-bg-opacity=\"1\" data-hover-bg=\"#000000BD\" data-hover-bg-opacity=\"1\" data-animation=\"fade-in-from-bottom\" data-delay=\"0\" >\n\t\t<div class=\"vc_column-inner\" ><div class=\"column-bg-overlay-wrap column-bg-layer\" data-bg-animation=\"none\"><div class=\"column-bg-overlay\" style=\"opacity: 1; background-color: #00000047;\"><\/div><\/div>\n\t\t<div class=\"wpb_wrapper\">\n\t\t\t\n<div class=\"wpb_text_column wpb_content_element  vc_custom_1767455916642\" >\n\t<h2>WAKEBOARD \u2013 Ressentez la puissance de la mer sous vos pieds<\/h2>\n<p>&nbsp;<\/p>\n<\/div>\n\n\n\n\n<div class=\"wpb_text_column wpb_content_element  vc_custom_1767455936815\" style=\" max-width: 500px; display: inline-block;\">\n\t<p>Surf sur l&#039;eau remorqu\u00e9e par notre bateau<strong> <em data-start=\"216\" data-end=\"224\">Kraken<\/em> et vivez les sensations fortes du wakeboard sur la Costa del Sol.<\/strong> Id\u00e9al pour ceux qui souhaitent combiner sport, adr\u00e9naline et mer en une seule activit\u00e9.<br data-start=\"368\" data-end=\"371\">Que vous soyez d\u00e9butant ou expert, le plaisir est garanti !<\/p>\n<\/div>\n\n\n\n\n<div class=\"wpb_text_column wpb_content_element  vc_custom_1767455951462\" >\n\t<h4>Comprend : bateau + \u00e9quipement de ski + carburant + skipper + boissons et collations<\/h4>\n<\/div>\n\n\n\n<div class=\"divider-wrap\" data-alignment=\"default\"><div style=\"height: 25px;\" class=\"divider\"><\/div><\/div>\n<div class=\"wpb_text_column wpb_content_element  vc_custom_1767420701525\" >\n\t<p style=\"text-align: left;\"><strong>TARIFS<\/strong><\/p>\n<\/div>\n\n\n\n<div class=\"nectar-hor-list-item has-btn\" data-hover-effect=\"full_border\" data-br=\"15px\" data-font-family=\"h5\" data-color=\"extra-color-2\" data-columns=\"4\" data-column-layout=\"even\"><div class=\"nectar-list-item\" data-icon=\"false\" data-text-align=\"left\">1 HEURE<\/div><div class=\"nectar-list-item\" data-text-align=\"left\">400\u20ac<\/div><div class=\"nectar-list-item\" data-text-align=\"left\">Maximum 4 personnes \u00e0 bord<\/div><div class=\"nectar-list-item\" data-text-align=\"left\"><a class=\"nectar-list-item-btn second\" href=\"https:\/\/wa.link\/4xgjef\" rel=\"nofollow noopener\" target=\"_blank\">R\u00e9serve<\/a><\/div><\/div>\n\t\t<\/div> \n\t<\/div>\n\t<\/div> \n\n\t<div  class=\"vc_col-sm-6 wpb_column column_container vc_column_container col child_column no-extra-padding inherit_tablet inherit_phone flex_gap_desktop_10px\"   data-padding-pos=\"all\" data-has-bg-color=\"false\" data-bg-color=\"\" data-bg-opacity=\"1\" data-animation=\"\" data-delay=\"0\" >\n\t\t<div class=\"vc_column-inner\" >\n\t\t<div class=\"wpb_wrapper\">\n\t\t\t\n\t\t<\/div> \n\t<\/div>\n\t<\/div> \n<\/div><\/div>\n\t\t\t<\/div> \n\t\t<\/div>\n\t<\/div> \n<\/div><\/div>\n\t\t<div id=\"fws_69ef7c619f0f6\"  data-column-margin=\"default\" data-midnight=\"light\" data-top-percent=\"18%\" data-bottom-percent=\"18%\"  class=\"wpb_row vc_row-fluid vc_row full-width-section parallax_section\"  style=\"padding-top: calc(100vw * 0.18); padding-bottom: calc(100vw * 0.18); \"><div class=\"row-bg-wrap\" data-bg-animation=\"none\" data-bg-animation-delay=\"\" data-bg-overlay=\"true\"><div class=\"inner-wrap row-bg-layer using-image\" ><div class=\"row-bg viewport-desktop using-image using-bg-color\" data-parallax-speed=\"fast\" style=\"background-image: url(https:\/\/yachtprospain.com\/wp-content\/uploads\/2022\/11\/kneeboard-deportes-acuaticos-1.jpg); background-position: center center; background-repeat: no-repeat; background-color: #333333; \"><\/div><\/div><div class=\"row-bg-overlay row-bg-layer\" style=\"background-color:rgba(10,10,10,0.78);  opacity: 0.8; \"><\/div><\/div><div class=\"row_col_wrap_12 col span_12 light left\">\n\t<div  class=\"vc_col-sm-12 wpb_column column_container vc_column_container col no-extra-padding inherit_tablet inherit_phone flex_gap_desktop_10px\"  data-padding-pos=\"all\" data-has-bg-color=\"false\" data-bg-color=\"\" data-bg-opacity=\"1\" data-animation=\"\" data-delay=\"0\" >\n\t\t<div class=\"vc_column-inner\" >\n\t\t\t<div class=\"wpb_wrapper\">\n\t\t\t\t<div id=\"fws_69ef7c619f20c\" data-midnight=\"\" data-column-margin=\"default\" class=\"wpb_row vc_row-fluid vc_row inner_row\"  style=\"\"><div class=\"row-bg-wrap\"> <div class=\"row-bg\" ><\/div> <\/div><div class=\"row_col_wrap_12_inner col span_12  left\">\n\t<div  class=\"vc_col-sm-6 wpb_column column_container vc_column_container col child_column has-animation no-extra-padding inherit_tablet inherit_phone flex_gap_desktop_10px\"   data-padding-pos=\"all\" data-has-bg-color=\"false\" data-bg-color=\"\" data-bg-opacity=\"1\" data-animation=\"fade-in-from-bottom\" data-delay=\"0\" >\n\t\t<div class=\"vc_column-inner\" >\n\t\t<div class=\"wpb_wrapper\">\n\t\t\t\n\t\t<\/div> \n\t<\/div>\n\t<\/div> \n\n\t<div style=\"\" class=\"vc_col-sm-6 wpb_column column_container vc_column_container col child_column padding-5-percent inherit_tablet inherit_phone\"  data-using-bg=\"true\" data-border-radius=\"15px\" data-padding-pos=\"all\" data-has-bg-color=\"true\" data-bg-color=\"#00000042\" data-bg-opacity=\"1\" data-hover-bg=\"#000000B5\" data-hover-bg-opacity=\"1\" data-animation=\"\" data-delay=\"0\" >\n\t\t<div class=\"vc_column-inner\" ><div class=\"column-bg-overlay-wrap column-bg-layer\" data-bg-animation=\"none\"><div class=\"column-bg-overlay\" style=\"opacity: 1; background-color: #00000042;\"><\/div><\/div>\n\t\t<div class=\"wpb_wrapper\">\n\t\t\t\n<div class=\"wpb_text_column wpb_content_element  vc_custom_1767456050420\" >\n\t<h2>KNEEBOARD \u2013 Affrontez les vagues sous un nouvel angle<\/h2>\n<\/div>\n\n\n\n\n<div class=\"wpb_text_column wpb_content_element  vc_custom_1767456056856\" style=\" max-width: 500px; display: inline-block;\">\n\t<p data-start=\"105\" data-end=\"465\">Montez \u00e0 bord du <em data-start=\"178\" data-end=\"189\">Planche \u00e0 genoux<\/em> Vivez une exp\u00e9rience unique o\u00f9 stabilit\u00e9 et contr\u00f4le se conjuguent \u00e0 la sensation grisante de glisser \u00e0 pleine vitesse sur l&#039;eau. Adapt\u00e9e \u00e0 tous les \u00e2ges et \u00e0 tous les niveaux, cette activit\u00e9 est id\u00e9ale pour ceux qui souhaitent d\u00e9couvrir une nouvelle exp\u00e9rience ludique en mer.<\/p>\n<p data-start=\"467\" data-end=\"527\">\n<\/div>\n\n\n\n\n<div class=\"wpb_text_column wpb_content_element  vc_custom_1767456064427\" >\n\t<p>Comprend : bateau + \u00e9quipement de ski + carburant + skipper + boissons et collations<\/p>\n<\/div>\n\n\n\n\n<div class=\"wpb_text_column wpb_content_element  vc_custom_1767420701525\" >\n\t<p style=\"text-align: left;\"><strong>TARIFS<\/strong><\/p>\n<\/div>\n\n\n\n<div class=\"nectar-hor-list-item has-btn\" data-hover-effect=\"full_border\" data-br=\"15px\" data-font-family=\"h5\" data-color=\"extra-color-2\" data-columns=\"4\" data-column-layout=\"even\"><div class=\"nectar-list-item\" data-icon=\"false\" data-text-align=\"left\">1 HEURE<\/div><div class=\"nectar-list-item\" data-text-align=\"left\">400 \u20ac\/personne<\/div><div class=\"nectar-list-item\" data-text-align=\"left\">Maximum 4 personnes \u00e0 bord<\/div><div class=\"nectar-list-item\" data-text-align=\"left\"><a class=\"nectar-list-item-btn second\" href=\"https:\/\/wa.link\/4xgjef\" rel=\"nofollow noopener\" target=\"_blank\">R\u00e9serve<\/a><\/div><\/div>\n\t\t<\/div> \n\t<\/div>\n\t<\/div> \n<\/div><\/div>\n\t\t\t<\/div> \n\t\t<\/div>\n\t<\/div> \n<\/div><\/div>\n\t\t<div id=\"fws_69ef7c619f804\"  data-column-margin=\"default\" data-midnight=\"light\" data-top-percent=\"18%\" data-bottom-percent=\"18%\"  class=\"wpb_row vc_row-fluid vc_row full-width-section parallax_section\"  style=\"padding-top: calc(100vw * 0.18); padding-bottom: calc(100vw * 0.18); \"><div class=\"row-bg-wrap\" data-bg-animation=\"none\" data-bg-animation-delay=\"\" data-bg-overlay=\"true\"><div class=\"inner-wrap row-bg-layer using-image\" ><div class=\"row-bg viewport-desktop using-image using-bg-color\" data-parallax-speed=\"fast\" style=\"background-image: url(https:\/\/yachtprospain.com\/wp-content\/uploads\/2022\/11\/ski-deportes-acuaticos-1.jpg); background-position: center center; background-repeat: no-repeat; background-color: #333333; \"><\/div><\/div><div class=\"row-bg-overlay row-bg-layer\" style=\"background-color:rgba(10,10,10,0.78);  opacity: 0.8; \"><\/div><\/div><div class=\"row_col_wrap_12 col span_12 light left\">\n\t<div  class=\"vc_col-sm-12 wpb_column column_container vc_column_container col no-extra-padding inherit_tablet inherit_phone flex_gap_desktop_10px\"  data-padding-pos=\"all\" data-has-bg-color=\"false\" data-bg-color=\"\" data-bg-opacity=\"1\" data-animation=\"\" data-delay=\"0\" >\n\t\t<div class=\"vc_column-inner\" >\n\t\t\t<div class=\"wpb_wrapper\">\n\t\t\t\t<div id=\"fws_69ef7c619f933\" data-midnight=\"\" data-column-margin=\"default\" class=\"wpb_row vc_row-fluid vc_row inner_row\"  style=\"\"><div class=\"row-bg-wrap\"> <div class=\"row-bg\" ><\/div> <\/div><div class=\"row_col_wrap_12_inner col span_12  left\">\n\t<div style=\"\" class=\"vc_col-sm-6 wpb_column column_container vc_column_container col child_column has-animation padding-4-percent inherit_tablet padding-2-percent_phone\"  data-using-bg=\"true\" data-border-radius=\"10px\" data-padding-pos=\"all\" data-has-bg-color=\"true\" data-bg-color=\"#00000047\" data-bg-opacity=\"1\" data-hover-bg=\"#000000BD\" data-hover-bg-opacity=\"1\" data-animation=\"fade-in-from-bottom\" data-delay=\"0\" >\n\t\t<div class=\"vc_column-inner\" ><div class=\"column-bg-overlay-wrap column-bg-layer\" data-bg-animation=\"none\"><div class=\"column-bg-overlay\" style=\"opacity: 1; background-color: #00000047;\"><\/div><\/div>\n\t\t<div class=\"wpb_wrapper\">\n\t\t\t\n<div class=\"wpb_text_column wpb_content_element  vc_custom_1767456185035\" >\n\t<h2>SKI \u2013 Glissez avec puissance sur les vagues<\/h2>\n<p>&nbsp;<\/p>\n<\/div>\n\n\n\n\n<div class=\"wpb_text_column wpb_content_element  vc_custom_1767456197711\" style=\" max-width: 500px; display: inline-block;\">\n\t<p data-start=\"87\" data-end=\"427\"><strong>D\u00e9couvrez la vitesse et la technique du ski nautique \u00e0 bord de notre bateau. <em data-start=\"221\" data-end=\"229\">Kraken<\/em>.<\/strong> Id\u00e9ale pour les amateurs de sport et d&#039;\u00e9quilibre, cette activit\u00e9 offre une bonne dose d&#039;adr\u00e9naline et de divertissement sur la Costa del Sol. Montez \u00e0 bord et montrez vos talents sur l&#039;eau\u00a0!<\/p>\n<p data-start=\"429\" data-end=\"489\">\n<\/div>\n\n\n\n\n<div class=\"wpb_text_column wpb_content_element  vc_custom_1767455951462\" >\n\t<h4>Comprend : bateau + \u00e9quipement de ski + carburant + skipper + boissons et collations<\/h4>\n<\/div>\n\n\n\n<div class=\"divider-wrap\" data-alignment=\"default\"><div style=\"height: 25px;\" class=\"divider\"><\/div><\/div>\n<div class=\"wpb_text_column wpb_content_element  vc_custom_1767420701525\" >\n\t<p style=\"text-align: left;\"><strong>TARIFS<\/strong><\/p>\n<\/div>\n\n\n\n<div class=\"nectar-hor-list-item has-btn\" data-hover-effect=\"full_border\" data-br=\"15px\" data-font-family=\"h5\" data-color=\"extra-color-2\" data-columns=\"4\" data-column-layout=\"even\"><div class=\"nectar-list-item\" data-icon=\"false\" data-text-align=\"left\">1 HEURE<\/div><div class=\"nectar-list-item\" data-text-align=\"left\">400\u20ac<\/div><div class=\"nectar-list-item\" data-text-align=\"left\">Maximum 4 personnes \u00e0 bord<\/div><div class=\"nectar-list-item\" data-text-align=\"left\"><a class=\"nectar-list-item-btn second\" href=\"https:\/\/wa.link\/4xgjef\" rel=\"nofollow noopener\" target=\"_blank\">R\u00e9serve<\/a><\/div><\/div>\n\t\t<\/div> \n\t<\/div>\n\t<\/div> \n\n\t<div  class=\"vc_col-sm-6 wpb_column column_container vc_column_container col child_column no-extra-padding inherit_tablet inherit_phone flex_gap_desktop_10px\"   data-padding-pos=\"all\" data-has-bg-color=\"false\" data-bg-color=\"\" data-bg-opacity=\"1\" data-animation=\"\" data-delay=\"0\" >\n\t\t<div class=\"vc_column-inner\" >\n\t\t<div class=\"wpb_wrapper\">\n\t\t\t\n\t\t<\/div> \n\t<\/div>\n\t<\/div> \n<\/div><\/div>\n\t\t\t<\/div> \n\t\t<\/div>\n\t<\/div> \n<\/div><\/div>","protected":false},"excerpt":{"rendered":"JET SURF \u2013 Pilota la adrenalina Vive una experiencia \u00fanica sobre el mar con el Jet Surf, el deporte acu\u00e1tico que combina velocidad, equilibrio y emoci\u00f3n extrema. Desl\u00edzate sobre las...","protected":false},"author":1,"featured_media":0,"parent":0,"menu_order":0,"comment_status":"closed","ping_status":"closed","template":"","meta":{"jetpack_post_was_ever_published":false,"_joinchat":[],"footnotes":""},"tags":[],"class_list":["post-7628","page","type-page","status-publish"],"_hostinger_reach_plugin_has_subscription_block":false,"_hostinger_reach_plugin_is_elementor":false,"jetpack_shortlink":"https:\/\/wp.me\/P9sOOi-1Z2","jetpack_sharing_enabled":true,"_links":{"self":[{"href":"https:\/\/yachtprospain.com\/fr\/wp-json\/wp\/v2\/pages\/7628","targetHints":{"allow":["GET"]}}],"collection":[{"href":"https:\/\/yachtprospain.com\/fr\/wp-json\/wp\/v2\/pages"}],"about":[{"href":"https:\/\/yachtprospain.com\/fr\/wp-json\/wp\/v2\/types\/page"}],"author":[{"embeddable":true,"href":"https:\/\/yachtprospain.com\/fr\/wp-json\/wp\/v2\/users\/1"}],"replies":[{"embeddable":true,"href":"https:\/\/yachtprospain.com\/fr\/wp-json\/wp\/v2\/comments?post=7628"}],"version-history":[{"count":8,"href":"https:\/\/yachtprospain.com\/fr\/wp-json\/wp\/v2\/pages\/7628\/revisions"}],"predecessor-version":[{"id":10671,"href":"https:\/\/yachtprospain.com\/fr\/wp-json\/wp\/v2\/pages\/7628\/revisions\/10671"}],"wp:attachment":[{"href":"https:\/\/yachtprospain.com\/fr\/wp-json\/wp\/v2\/media?parent=7628"}],"wp:term":[{"taxonomy":"post_tag","embeddable":true,"href":"https:\/\/yachtprospain.com\/fr\/wp-json\/wp\/v2\/tags?post=7628"}],"curies":[{"name":"wp","href":"https:\/\/api.w.org\/{rel}","templated":true}]}}