{"id":285,"date":"2017-12-28T15:47:08","date_gmt":"2017-12-28T14:47:08","guid":{"rendered":"https:\/\/yachtprospain.com\/?page_id=285"},"modified":"2026-03-06T01:01:17","modified_gmt":"2026-03-06T00:01:17","slug":"mantenimiento-limpieza-de-barcos","status":"publish","type":"page","link":"https:\/\/yachtprospain.com\/fr\/mantenimiento-limpieza-de-barcos\/","title":{"rendered":"Entretien et nettoyage de bateaux \u00e0 Fuengirola et sur la Costa del Sol"},"content":{"rendered":"<div id=\"fws_69efaf1aa21e2\"  data-column-margin=\"default\" data-midnight=\"dark\"  class=\"wpb_row vc_row-fluid vc_row full-width-section has-row-bg-color\"  style=\"padding-top: 0px; padding-bottom: 0px; --row-bg-color: #ffffff;\"><div class=\"row-bg-wrap\" data-bg-animation=\"none\" data-bg-animation-delay=\"\" data-bg-overlay=\"false\"><div class=\"inner-wrap row-bg-layer\" ><div class=\"row-bg viewport-desktop using-bg-color\"  style=\"background-color: #ffffff; \"><\/div><\/div><\/div><div class=\"row_col_wrap_12 col span_12 dark left\">\n\t<div  class=\"vc_col-sm-12 wpb_column column_container vc_column_container col centered-text no-extra-padding inherit_tablet inherit_phone flex_gap_desktop_10px\"  data-padding-pos=\"all\" data-has-bg-color=\"false\" data-bg-color=\"\" data-bg-opacity=\"1\" data-animation=\"\" data-delay=\"0\" >\n\t\t<div class=\"vc_column-inner\" >\n\t\t\t<div class=\"wpb_wrapper\">\n\t\t\t\t<div class=\"divider-wrap\" data-alignment=\"default\"><div style=\"height: 150px;\" class=\"divider\"><\/div><\/div><div class=\"nectar-split-heading  font_size_2vw font_line_height_1-3\" data-align=\"center\" data-m-align=\"inherit\" data-text-effect=\"default\" data-animation-type=\"twist-in\" data-animation-delay=\"0\" data-animation-offset=\"\" data-m-rm-animation=\"\" data-stagger=\"\" data-custom-font-size=\"true\" style=\"font-size: 2.6vw; line-height: 2.86vw;\"><h1 style=\"max-width: 1100px; color: #1e83ec;\">Entretien et nettoyage de bateaux \u00e0 Fuengirola et sur la Costa del Sol<\/h1><\/div><div class=\"nectar-split-heading  font_size_2vw font_line_height_1-3\" data-align=\"center\" data-m-align=\"inherit\" data-text-effect=\"default\" data-animation-type=\"twist-in\" data-animation-delay=\"0\" data-animation-offset=\"\" data-m-rm-animation=\"\" data-stagger=\"\" data-custom-font-size=\"true\" style=\"font-size: 2vw; line-height: 2.2vw;\"><p style=\"max-width: 1100px; color: #3C3C3C;\">Soins nautiques haut de gamme<\/p><\/div>\n\t\t\t<\/div> \n\t\t<\/div>\n\t<\/div> \n<\/div><\/div>\n\t\t<div id=\"fws_69efaf1aa276a\"  data-column-margin=\"custom\" data-midnight=\"dark\" data-top-percent=\"5%\" data-bottom-percent=\"10%\"  class=\"wpb_row vc_row-fluid vc_row full-width-section  column-margin-4pct top_padding_tablet_5pct top_padding_phone_10pct\"  style=\"padding-top: calc(100vw * 0.05); padding-bottom: calc(100vw * 0.10); \"><div class=\"row-bg-wrap\" data-bg-animation=\"none\" data-bg-animation-delay=\"\" data-bg-overlay=\"false\"><div class=\"inner-wrap row-bg-layer\" ><div class=\"row-bg viewport-desktop\"  style=\"\"><\/div><\/div><\/div><div class=\"row_col_wrap_12 col span_12 dark left\">\n\t<div  class=\"vc_col-sm-4 wpb_column column_container vc_column_container col nectar-sticky-column-css has-animation no-extra-padding el_spacing_30px inherit_tablet inherit_phone flex_gap_desktop_10px\"  data-padding-pos=\"all\" data-has-bg-color=\"false\" data-bg-color=\"\" data-bg-opacity=\"1\" data-animation=\"fade-in\" data-delay=\"0\" >\n\t\t<div class=\"n-sticky\"><div class=\"vc_column-inner\" >\n\t\t\t<div class=\"wpb_wrapper\">\n\t\t\t\t<div class=\"nectar-responsive-text font_size_max_54px font_size_desktop_1vw font_size_tablet_5vw font_size_phone_5vw font_line_height_1-3 nectar-link-underline-effect\" data-inherit-heading-family=\"h3\"><h3>Nettoyage et entretien des bateaux<\/h3>\n<\/div><div id=\"fws_69efaf1aa29fd\" data-midnight=\"\" data-column-margin=\"default\" class=\"wpb_row vc_row-fluid vc_row inner_row\"  style=\"\"><div class=\"row-bg-wrap\"> <div class=\"row-bg\" ><\/div> <\/div><div class=\"row_col_wrap_12_inner col span_12  left\">\n\t<div  class=\"vc_col-sm-12 wpb_column column_container vc_column_container col child_column no-extra-padding el_spacing_10px inherit_tablet inherit_phone flex_gap_desktop_10px\"   data-padding-pos=\"all\" data-has-bg-color=\"false\" data-bg-color=\"\" data-bg-opacity=\"1\" data-animation=\"\" data-delay=\"0\" >\n\t\t<div class=\"vc_column-inner\" >\n\t\t<div class=\"wpb_wrapper\">\n\t\t\t<div class=\"nectar-cta  alignment_tablet_default alignment_phone_default display_tablet_inherit display_phone_inherit\" data-color=\"extra-color-gradient-1\" data-using-bg=\"true\" data-style=\"arrow-animation\" data-display=\"block\" data-alignment=\"left\" data-text-color=\"custom\" style=\"--nectar-text-color: #ffffff; --nectar-button-color: var(--nectar-extra-color-gradient-1); --nectar-icon-gap: 10px; \"><h5 style=\"color: #ffffff;\"><span class=\"link_wrap\" style=\"padding-top: 15px; padding-right: 35px; padding-bottom: 15px; padding-left: 35px;\"><a target=\"_blank\" rel=\"nofollow\" class=\"link_text\" role=\"button\" href=\"https:\/\/wa.me\/34634471250?text=Hola%20YachtPro%20Spain,%20quiero%20confirmar%20disponibilidad%20para%20el%20velero%20Mami%20(Jeanneau%20Sun%20Odyssey%20389)%20el%20%5BFECHA%5D%20a%20las%20%5BHORA%5D%20para%20%5BPERSONAS%5D%20personas.\"><span class=\"text\">R\u00e9servez via WhatsApp<\/span><svg class=\"next-arrow\" aria-hidden=\"true\" width=\"20px\" height=\"25px\" viewbox=\"0 0 50 80\" xml:space=\"preserve\">\n  <polyline stroke=\"#ffffff\" stroke-width=\"9\" fill=\"none\" stroke-linecap=\"round\" stroke-linejoin=\"round\" points=\"0, 0 45, 40 0, 80\"\/>\n  <\/svg>  <span aria-hidden=\"true\" class=\"line\"  style=\"background-color: #ffffff;\"><\/span> <\/a><\/span><\/h5><\/div><div class=\"nectar-responsive-text nectar-link-underline-effect\"><p class=\"p1\">Dans <span class=\"s1\"><b>YachtPro Espagne<\/b><\/span> Nous comprenons qu&#039;un bateau n&#039;est pas seulement un moyen de transport, mais un investissement, un style de vie et un prolongement de la personnalit\u00e9 de celui qui le poss\u00e8de. C&#039;est pourquoi nous proposons un <span class=\"s1\"><b>Service haut de gamme d&#039;entretien et de nettoyage de bateaux \u00e0 Malaga et sur la Costa del Sol<\/b><\/span>, Con\u00e7u pour les propri\u00e9taires qui appr\u00e9cient les soins m\u00e9ticuleux, la discr\u00e9tion et la tranquillit\u00e9 absolue.<\/p>\n<\/div><div class=\"divider-wrap\" data-alignment=\"default\"><div style=\"height: 25px;\" class=\"divider\"><\/div><\/div><div class=\"nectar-responsive-text font_size_max_54px font_size_desktop_1vw font_size_tablet_5vw font_size_phone_5vw font_line_height_1-3 nectar-link-underline-effect\" data-inherit-heading-family=\"h4\"><h4>Services d&#039;entretien de bateaux<\/h4>\n<\/div><div class=\"nectar-responsive-text nectar-link-underline-effect\"><ul>\n<li>Moteurs.<\/li>\n<li>Voilier.<\/li>\n<li>Travail de corde.<\/li>\n<li>Vidange.<\/li>\n<li>Modifications du filtre.<\/li>\n<li>Pompes \u00e0 eau.<\/li>\n<li>Pompes de cale.<\/li>\n<li>Moulin \u00e0 vent.<\/li>\n<li>Sangles.<\/li>\n<li>Ensemble.<\/li>\n<li>G\u00eanes \u2013 Mallar \u2013 Treuils<\/li>\n<li>Drisses \u2013 \u00c9coutes \u2013 Contrepoids<\/li>\n<\/ul>\n<\/div><div class=\"divider-wrap\" data-alignment=\"default\"><div style=\"height: 25px;\" class=\"divider\"><\/div><\/div>\n\t\t<\/div> \n\t<\/div>\n\t<\/div> \n<\/div><\/div>\n\t\t\t<\/div> \n\t\t<\/div><\/div>\n\t<\/div> \n\n\t<div  class=\"vc_col-sm-8 wpb_column column_container vc_column_container col has-animation no-extra-padding el_spacing_20px inherit_tablet inherit_phone flex_gap_desktop_10px\"  data-padding-pos=\"all\" data-has-bg-color=\"false\" data-bg-color=\"\" data-bg-opacity=\"1\" data-animation=\"fade-in\" data-delay=\"0\" >\n\t\t<div class=\"vc_column-inner\" >\n\t\t\t<div class=\"wpb_wrapper\">\n\t\t\t\t<div class=\"img-with-aniamtion-wrap\" data-max-width=\"100%\" data-max-width-mobile=\"default\" data-border-radius=\"20px\" data-shadow=\"none\" data-animation=\"none\" >\n      <div class=\"inner\">\n        <div class=\"hover-wrap\"> \n          <div class=\"hover-wrap-inner\">\n            <img loading=\"lazy\" decoding=\"async\" class=\"img-with-animation skip-lazy\" data-delay=\"0\" height=\"848\" width=\"1280\" data-animation=\"none\" src=\"https:\/\/yachtprospain.com\/wp-content\/uploads\/2022\/11\/limpieza-mantenimiento.jpg\" alt=\"limpieza-mantenimiento\" srcset=\"https:\/\/yachtprospain.com\/wp-content\/uploads\/2022\/11\/limpieza-mantenimiento.jpg 1280w, https:\/\/yachtprospain.com\/wp-content\/uploads\/2022\/11\/limpieza-mantenimiento-600x398.jpg 600w, https:\/\/yachtprospain.com\/wp-content\/uploads\/2022\/11\/limpieza-mantenimiento-300x199.jpg 300w, https:\/\/yachtprospain.com\/wp-content\/uploads\/2022\/11\/limpieza-mantenimiento-1024x678.jpg 1024w, https:\/\/yachtprospain.com\/wp-content\/uploads\/2022\/11\/limpieza-mantenimiento-768x509.jpg 768w\" sizes=\"auto, (max-width: 1280px) 100vw, 1280px\" \/>\n          <\/div>\n        <\/div>\n        \n      <\/div>\n    <\/div>\n\t\t\t<\/div> \n\t\t<\/div>\n\t<\/div> \n<\/div><\/div>\n\t\t<div id=\"fws_69efaf1aa35ff\"  data-column-margin=\"custom\" data-midnight=\"dark\" data-top-percent=\"5%\" data-bottom-percent=\"10%\"  class=\"wpb_row vc_row-fluid vc_row full-width-section  column-margin-4pct top_padding_tablet_5pct top_padding_phone_10pct\"  style=\"padding-top: calc(100vw * 0.05); padding-bottom: calc(100vw * 0.10); \"><div class=\"row-bg-wrap\" data-bg-animation=\"none\" data-bg-animation-delay=\"\" data-bg-overlay=\"false\"><div class=\"inner-wrap row-bg-layer\" ><div class=\"row-bg viewport-desktop\"  style=\"\"><\/div><\/div><\/div><div class=\"row_col_wrap_12 col span_12 dark left\">\n\t<div  class=\"vc_col-sm-4 wpb_column column_container vc_column_container col nectar-sticky-column-css has-animation no-extra-padding el_spacing_30px inherit_tablet inherit_phone flex_gap_desktop_10px\"  data-padding-pos=\"all\" data-has-bg-color=\"false\" data-bg-color=\"\" data-bg-opacity=\"1\" data-animation=\"fade-in\" data-delay=\"0\" >\n\t\t<div class=\"n-sticky\"><div class=\"vc_column-inner\" >\n\t\t\t<div class=\"wpb_wrapper\">\n\t\t\t\t<div class=\"nectar-responsive-text font_size_max_54px font_size_desktop_1vw font_size_tablet_5vw font_size_phone_5vw font_line_height_1-3 nectar-link-underline-effect\"><h3>Nettoyage et entretien des bateaux<\/h3>\n<\/div><div id=\"fws_69efaf1aa37d4\" data-midnight=\"\" data-column-margin=\"default\" class=\"wpb_row vc_row-fluid vc_row inner_row\"  style=\"\"><div class=\"row-bg-wrap\"> <div class=\"row-bg\" ><\/div> <\/div><div class=\"row_col_wrap_12_inner col span_12  left\">\n\t<div  class=\"vc_col-sm-12 wpb_column column_container vc_column_container col child_column no-extra-padding el_spacing_10px inherit_tablet inherit_phone flex_gap_desktop_10px\"   data-padding-pos=\"all\" data-has-bg-color=\"false\" data-bg-color=\"\" data-bg-opacity=\"1\" data-animation=\"\" data-delay=\"0\" >\n\t\t<div class=\"vc_column-inner\" >\n\t\t<div class=\"wpb_wrapper\">\n\t\t\t<div class=\"nectar-responsive-text nectar-link-underline-effect\"><p class=\"p1\">Nous jouons <span class=\"s1\"><b>nettoyage ext\u00e9rieur et int\u00e9rieur<\/b><\/span>, Lavage et polissage de la coque, \u00e9limination du salp\u00eatre et <span class=\"s1\"><b>maintenance nautique pr\u00e9ventive<\/b><\/span>, utilisation de produits sp\u00e9cialement con\u00e7us pour le milieu marin et de protocoles rigoureux qui respectent tous les mat\u00e9riaux pr\u00e9sents \u00e0 bord.<\/p>\n<\/div><div class=\"nectar-responsive-text font_size_max_54px font_size_desktop_1vw font_size_tablet_5vw font_size_phone_5vw font_line_height_1-3 nectar-link-underline-effect\"><h4>Services de nettoyage de bateaux \u00e0 Fuengirola<\/h4>\n<\/div><div class=\"nectar-responsive-text nectar-link-underline-effect\"><ul>\n<li>Int\u00e9rieurs.<\/li>\n<li>Ext\u00e9rieurs.<\/li>\n<li>Cales.<\/li>\n<li>Moteurs.<\/li>\n<li>Salle des machines.<\/li>\n<li>Teka.<\/li>\n<li>Aciers.<\/li>\n<\/ul>\n<\/div><div class=\"divider-wrap\" data-alignment=\"default\"><div style=\"height: 25px;\" class=\"divider\"><\/div><\/div><div class=\"nectar-responsive-text nectar-link-underline-effect\"><p class=\"p1\">Nous travaillons directement dans <span class=\"s1\"><b>ports et marinas<\/b><\/span>, Nous nous adaptons \u00e0 votre emploi du temps et garantissons un r\u00e9sultat impeccable, discret et durable. Notre objectif est que votre bateau soit toujours\u2026 <span class=\"s1\"><b>Pr\u00eat \u00e0 naviguer, \u00e0 recevoir des invit\u00e9s ou \u00e0 rester prot\u00e9g\u00e9<\/b><\/span> lorsqu&#039;il n&#039;est pas utilis\u00e9.<\/p>\n<p class=\"p1\">Avec YachtPro Spain, l&#039;entretien de votre bateau est confi\u00e9 \u00e0 des professionnels poss\u00e9dant une v\u00e9ritable exp\u00e9rience en mer.<\/p>\n<\/div><div class=\"divider-wrap\" data-alignment=\"default\"><div style=\"height: 25px;\" class=\"divider\"><\/div><\/div><div class=\"nectar-cta  alignment_tablet_default alignment_phone_default display_tablet_inherit display_phone_inherit\" data-color=\"extra-color-gradient-1\" data-using-bg=\"true\" data-style=\"arrow-animation\" data-display=\"block\" data-alignment=\"left\" data-text-color=\"custom\" style=\"--nectar-text-color: #ffffff; --nectar-button-color: var(--nectar-extra-color-gradient-1); --nectar-icon-gap: 10px; \"><h5 style=\"color: #ffffff;\"><span class=\"link_wrap\" style=\"padding-top: 15px; padding-right: 35px; padding-bottom: 15px; padding-left: 35px;\"><a target=\"_blank\" rel=\"nofollow\" class=\"link_text\" role=\"button\" href=\"https:\/\/wa.me\/34634471250?text=Hola%20YachtPro%20Spain,%20quiero%20confirmar%20disponibilidad%20para%20el%20velero%20Mami%20(Jeanneau%20Sun%20Odyssey%20389)%20el%20%5BFECHA%5D%20a%20las%20%5BHORA%5D%20para%20%5BPERSONAS%5D%20personas.\"><span class=\"text\">R\u00e9servez via WhatsApp<\/span><svg class=\"next-arrow\" aria-hidden=\"true\" width=\"20px\" height=\"25px\" viewbox=\"0 0 50 80\" xml:space=\"preserve\">\n  <polyline stroke=\"#ffffff\" stroke-width=\"9\" fill=\"none\" stroke-linecap=\"round\" stroke-linejoin=\"round\" points=\"0, 0 45, 40 0, 80\"\/>\n  <\/svg>  <span aria-hidden=\"true\" class=\"line\"  style=\"background-color: #ffffff;\"><\/span> <\/a><\/span><\/h5><\/div>\n\t\t<\/div> \n\t<\/div>\n\t<\/div> \n<\/div><\/div>\n\t\t\t<\/div> \n\t\t<\/div><\/div>\n\t<\/div> \n\n\t<div  class=\"vc_col-sm-8 wpb_column column_container vc_column_container col has-animation no-extra-padding el_spacing_20px inherit_tablet inherit_phone flex_gap_desktop_10px\"  data-padding-pos=\"all\" data-has-bg-color=\"false\" data-bg-color=\"\" data-bg-opacity=\"1\" data-animation=\"fade-in\" data-delay=\"0\" >\n\t\t<div class=\"vc_column-inner\" >\n\t\t\t<div class=\"wpb_wrapper\">\n\t\t\t\t<div class=\"img-with-aniamtion-wrap  custom-size\" data-max-width=\"none\" data-max-width-mobile=\"default\" data-border-radius=\"20px\" data-shadow=\"none\" data-animation=\"none\" >\n      <div class=\"inner\">\n        <div class=\"hover-wrap\"> \n          <div class=\"hover-wrap-inner\">\n            <img loading=\"lazy\" decoding=\"async\" class=\"img-with-animation skip-lazy\" data-delay=\"0\" height=\"497\" width=\"750\" data-animation=\"none\" src=\"https:\/\/yachtprospain.com\/wp-content\/uploads\/2022\/11\/mantenimiento-limpieza-servicios-nauticos.jpg\" alt=\"mantenimiento-limpieza-servicios-nauticos\" srcset=\"https:\/\/yachtprospain.com\/wp-content\/uploads\/2022\/11\/mantenimiento-limpieza-servicios-nauticos.jpg 750w, https:\/\/yachtprospain.com\/wp-content\/uploads\/2022\/11\/mantenimiento-limpieza-servicios-nauticos-600x398.jpg 600w, https:\/\/yachtprospain.com\/wp-content\/uploads\/2022\/11\/mantenimiento-limpieza-servicios-nauticos-300x199.jpg 300w\" sizes=\"auto, (max-width: 750px) 100vw, 750px\" \/>\n          <\/div>\n        <\/div>\n        \n      <\/div>\n    <\/div>\n\t\t\t<\/div> \n\t\t<\/div>\n\t<\/div> \n<\/div><\/div>\n\t\t<div id=\"fws_69efaf1aa423b\"  data-column-margin=\"default\" data-midnight=\"dark\" data-top-percent=\"6%\" data-bottom-percent=\"6%\"  class=\"wpb_row vc_row-fluid vc_row full-width-content vc_row-o-equal-height vc_row-flex vc_row-o-content-middle parallax_section zindex-set right_padding_25pct left_padding_25pct right_padding_tablet_20pct right_padding_phone_24px left_padding_tablet_20pct left_padding_phone_24px\"  style=\"padding-top: calc(100vw * 0.06); padding-bottom: calc(100vw * 0.06);  z-index: 10;\"><div class=\"row-bg-wrap\" data-bg-animation=\"none\" data-bg-animation-delay=\"\" data-bg-overlay=\"false\"><div class=\"inner-wrap row-bg-layer\" ><div class=\"row-bg viewport-desktop using-bg-color\" data-parallax-speed=\"fast\" style=\"background-color: #297ECE1F; \"><\/div><\/div><\/div><div class=\"row_col_wrap_12 col span_12 dark left\">\n\t<div  class=\"vc_col-sm-12 wpb_column column_container vc_column_container col no-extra-padding inherit_tablet inherit_phone flex_gap_desktop_10px\"  data-padding-pos=\"right\" data-has-bg-color=\"false\" data-bg-color=\"\" data-bg-opacity=\"1\" data-animation=\"\" data-delay=\"0\" >\n\t\t<div class=\"vc_column-inner\" >\n\t\t\t<div class=\"wpb_wrapper\">\n\t\t\t\t<div id=\"fws_69efaf1aa43c1\" data-midnight=\"\" data-column-margin=\"default\" class=\"wpb_row vc_row-fluid vc_row inner_row\"  style=\"padding-bottom: 3%; \"><div class=\"row-bg-wrap\"> <div class=\"row-bg\" ><\/div> <\/div><div class=\"row_col_wrap_12_inner col span_12  left\">\n\t<div  class=\"vc_col-sm-12 wpb_column column_container vc_column_container col child_column centered-text no-extra-padding inherit_tablet inherit_phone flex_gap_desktop_10px\"   data-padding-pos=\"all\" data-has-bg-color=\"false\" data-bg-color=\"\" data-bg-opacity=\"1\" data-animation=\"\" data-delay=\"0\" >\n\t\t<div class=\"vc_column-inner\" >\n\t\t<div class=\"wpb_wrapper\">\n\t\t\t<div class=\"nectar-responsive-text font_size_desktop_2vw font_size_tablet_5vw font_size_phone_8vw font_line_height_1-1 nectar-link-underline-effect\" style=\"color: #297ECE;\" data-inherit-heading-family=\"h2\"><h2>R\u00e9ponses utiles \u00e0 vos questions<\/h2>\n<\/div>\n\t\t<\/div> \n\t<\/div>\n\t<\/div> \n<\/div><\/div><div class=\"toggles accordion toggles--minimal-shadow\" data-br=\"20px\" data-starting=\"default\" data-style=\"minimal\"><div class=\"toggle default\" data-inner-wrap=\"true\"><h3 class=\"toggle-title\"><a href=\"#\" role=\"button\" class=\"nectar-inherit-h3 toggle-heading\"><i role=\"presentation\" class=\"fa fa-plus\"><\/i>Qu&#039;est-ce qui distingue le service de maintenance de YachtPro Spain ?<\/a><\/h3><div><div class=\"inner-toggle-wrap\"><div class=\"nectar-responsive-text font_size_min_14px font_size_max_20px font_size_desktop_1vw font_line_height_1-6 nectar-link-underline-effect\"><p class=\"p1\">La diff\u00e9rence r\u00e9side dans l&#039;approche. Nous n&#039;effectuons pas de nettoyages g\u00e9n\u00e9riques, mais plut\u00f4t un entretien nautique con\u00e7u pour pr\u00e9server l&#039;esth\u00e9tique, la fonctionnalit\u00e9 et la valeur, avec une attention personnalis\u00e9e et une expertise professionnelle.<\/p>\n<\/div><\/div><\/div><\/div><div class=\"toggle default\" data-inner-wrap=\"true\"><h3 class=\"toggle-title\"><a href=\"#\" role=\"button\" class=\"nectar-inherit-h3 toggle-heading\"><i role=\"presentation\" class=\"fa fa-plus\"><\/i>Puis-je demander ce service sans d\u00e9placer mon bateau\u00a0?<\/a><\/h3><div><div class=\"inner-toggle-wrap\"><div class=\"nectar-responsive-text font_size_min_14px font_size_max_20px font_size_desktop_1vw font_line_height_1-6 nectar-link-underline-effect\"><p class=\"p1\">Oui. Nous travaillons directement au port ou \u00e0 la marina, en coordonnant chaque d\u00e9tail pour que le processus soit pratique, discret et sans interruption pour le propri\u00e9taire.<\/p>\n<\/div><\/div><\/div><\/div><div class=\"toggle default\" data-inner-wrap=\"true\"><h3 class=\"toggle-title\"><a href=\"#\" role=\"button\" class=\"nectar-inherit-h3 toggle-heading\"><i role=\"presentation\" class=\"fa fa-plus\"><\/i>Ce service a-t-il uniquement un but esth\u00e9tique ou \u00e9galement un but pr\u00e9ventif\u00a0?<\/a><\/h3><div><div class=\"inner-toggle-wrap\"><div class=\"nectar-fancy-ul font_size_min_14px font_size_max_20px font_size_desktop_1vw font_line_height_1-6\" data-list-icon=\"dot\" data-animation=\"false\" data-animation-delay=\"0\" data-spacing=\"5px\" data-alignment=\"left\"> \n<p class=\"p1\">C&#039;est les deux. En plus d&#039;une finition impeccable, l&#039;entretien pr\u00e9ventif permet de d\u00e9tecter l&#039;usure, de prot\u00e9ger les mat\u00e9riaux et de prolonger la dur\u00e9e de vie du navire.<\/p>\n <\/div><\/div><\/div><\/div><div class=\"toggle default\" data-inner-wrap=\"true\"><h3 class=\"toggle-title\"><a href=\"#\" role=\"button\" class=\"nectar-inherit-h3 toggle-heading\"><i role=\"presentation\" class=\"fa fa-plus\"><\/i>\u00c0 quelle fr\u00e9quence recommandez-vous d&#039;effectuer la maintenance ?<\/a><\/h3><div><div class=\"inner-toggle-wrap\"><div class=\"nectar-responsive-text font_size_min_14px font_size_max_20px font_size_desktop_1vw font_line_height_1-6 nectar-link-underline-effect\"><p class=\"p1\">Cela d\u00e9pend de l&#039;utilisation, mais dans des r\u00e9gions comme la Costa del Sol, nous recommandons un entretien r\u00e9gulier pour contrer les effets du soleil, du sel et de l&#039;humidit\u00e9 marine.<\/p>\n<\/div><\/div><\/div><\/div><div class=\"toggle default\" data-inner-wrap=\"true\"><h3 class=\"toggle-title\"><a href=\"#\" role=\"button\" class=\"nectar-inherit-h3 toggle-heading\"><i role=\"presentation\" class=\"fa fa-plus\"><\/i>Proposent-ils des services d&#039;entretien pour les bateaux de toutes tailles ?<\/a><\/h3><div><div class=\"inner-toggle-wrap\"><div class=\"nectar-responsive-text font_size_min_14px font_size_max_20px font_size_desktop_1vw font_line_height_1-6 nectar-link-underline-effect\" data-inherit-heading-family=\"p\"><p class=\"p1\">Service premium <span class=\"s1\"><b>Entretien et nettoyage de bateaux \u00e0 Malaga et sur la Costa del Sol<\/b><\/span>. Soins professionnels, lavage et polissage, nettoyage int\u00e9rieur et ext\u00e9rieur, et entretien pr\u00e9ventif au port ou en marina. Pr\u00e9cision, exp\u00e9rience et confiance\u00a0: YachtPro Spain.<\/p>\n<\/div><\/div><\/div><\/div><div class=\"toggle default\" data-inner-wrap=\"true\"><h3 class=\"toggle-title\"><a href=\"#\" role=\"button\" class=\"nectar-inherit-h3 toggle-heading\"><i role=\"presentation\" class=\"fa fa-plus\"><\/i>Combien co\u00fbte l&#039;entretien d&#039;un bateau \u00e0 Fuengirola ?<\/a><\/h3><div><div class=\"inner-toggle-wrap\"><div class=\"nectar-responsive-text font_size_min_14px font_size_max_20px font_size_desktop_1vw font_line_height_1-6 nectar-link-underline-effect\" data-inherit-heading-family=\"p\"><p class=\"p1\">Dans <span class=\"s1\"><b>Fuengirola et Malaga<\/b><\/span>, il <span class=\"s1\"><b>entretien des navires<\/b><\/span> g\u00e9n\u00e9ralement co\u00fbte entre <span class=\"s1\"><b>120 \u20ac et 700 \u20ac<\/b><\/span>, en fonction de la dur\u00e9e et du type de service. Le nettoyage de base commence \u00e0 partir de <span class=\"s1\"><b>120 \u20ac<\/b><\/span>, tandis que la maintenance compl\u00e8te ou premium peut atteindre <span class=\"s1\"><b>700 \u20ac<\/b><\/span>, garantissant des soins professionnels et durables.<\/p>\n<\/div><\/div><\/div><\/div><\/div>\n\t\t\t<\/div> \n\t\t<\/div>\n\t<\/div> \n<\/div><\/div>","protected":false},"excerpt":{"rendered":"Mantenimiento y limpieza de barcos en Fuengirola y la Costa del SolCuidado N\u00e1utico Premium Limpieza y mantenimiento de barcos Reserva por WhatsApp En YachtPro Spain entendemos que una embarcaci\u00f3n no...","protected":false},"author":1,"featured_media":0,"parent":0,"menu_order":0,"comment_status":"closed","ping_status":"closed","template":"","meta":{"jetpack_post_was_ever_published":false,"_joinchat":[],"footnotes":""},"tags":[],"class_list":["post-285","page","type-page","status-publish"],"_hostinger_reach_plugin_has_subscription_block":false,"_hostinger_reach_plugin_is_elementor":false,"jetpack_shortlink":"https:\/\/wp.me\/P9sOOi-4B","jetpack_sharing_enabled":false,"_links":{"self":[{"href":"https:\/\/yachtprospain.com\/fr\/wp-json\/wp\/v2\/pages\/285","targetHints":{"allow":["GET"]}}],"collection":[{"href":"https:\/\/yachtprospain.com\/fr\/wp-json\/wp\/v2\/pages"}],"about":[{"href":"https:\/\/yachtprospain.com\/fr\/wp-json\/wp\/v2\/types\/page"}],"author":[{"embeddable":true,"href":"https:\/\/yachtprospain.com\/fr\/wp-json\/wp\/v2\/users\/1"}],"replies":[{"embeddable":true,"href":"https:\/\/yachtprospain.com\/fr\/wp-json\/wp\/v2\/comments?post=285"}],"version-history":[{"count":9,"href":"https:\/\/yachtprospain.com\/fr\/wp-json\/wp\/v2\/pages\/285\/revisions"}],"predecessor-version":[{"id":10703,"href":"https:\/\/yachtprospain.com\/fr\/wp-json\/wp\/v2\/pages\/285\/revisions\/10703"}],"wp:attachment":[{"href":"https:\/\/yachtprospain.com\/fr\/wp-json\/wp\/v2\/media?parent=285"}],"wp:term":[{"taxonomy":"post_tag","embeddable":true,"href":"https:\/\/yachtprospain.com\/fr\/wp-json\/wp\/v2\/tags?post=285"}],"curies":[{"name":"wp","href":"https:\/\/api.w.org\/{rel}","templated":true}]}}