{"id":7628,"date":"2022-02-24T18:11:30","date_gmt":"2022-02-24T17:11:30","guid":{"rendered":"https:\/\/yachtprospain.com\/?page_id=7628"},"modified":"2026-01-04T21:11:15","modified_gmt":"2026-01-04T20:11:15","slug":"deportes-acuaticos-malaga","status":"publish","type":"page","link":"https:\/\/yachtprospain.com\/en\/deportes-acuaticos-malaga\/","title":{"rendered":"Water Sports"},"content":{"rendered":"<div id=\"fws_69f98c9c80d52\"  data-column-margin=\"default\" data-midnight=\"light\" data-top-percent=\"18%\" data-bottom-percent=\"18%\"  class=\"wpb_row vc_row-fluid vc_row full-width-section parallax_section\"  style=\"padding-top: calc(100vw * 0.18); padding-bottom: calc(100vw * 0.18); \"><div class=\"row-bg-wrap\" data-bg-animation=\"none\" data-bg-animation-delay=\"\" data-bg-overlay=\"true\"><div class=\"inner-wrap row-bg-layer using-image\" ><div class=\"row-bg viewport-desktop using-image using-bg-color\" data-parallax-speed=\"fast\" style=\"background-image: url(https:\/\/yachtprospain.com\/wp-content\/uploads\/2022\/11\/jet-surf-deportes-acuaticos-1.jpg); background-position: center center; background-repeat: no-repeat; background-color: #333333; \"><\/div><\/div><div class=\"row-bg-overlay row-bg-layer\" style=\"background-color:rgba(10,10,10,0.78);  opacity: 0.8; \"><\/div><\/div><div class=\"row_col_wrap_12 col span_12 light left\">\n\t<div  class=\"vc_col-sm-12 wpb_column column_container vc_column_container col no-extra-padding inherit_tablet inherit_phone flex_gap_desktop_10px\"  data-padding-pos=\"all\" data-has-bg-color=\"false\" data-bg-color=\"\" data-bg-opacity=\"1\" data-animation=\"\" data-delay=\"0\" >\n\t\t<div class=\"vc_column-inner\" >\n\t\t\t<div class=\"wpb_wrapper\">\n\t\t\t\t<div id=\"fws_69f98c9c81018\" data-midnight=\"\" data-column-margin=\"default\" class=\"wpb_row vc_row-fluid vc_row inner_row\"  style=\"\"><div class=\"row-bg-wrap\"> <div class=\"row-bg\" ><\/div> <\/div><div class=\"row_col_wrap_12_inner col span_12  left\">\n\t<div  class=\"vc_col-sm-6 wpb_column column_container vc_column_container col child_column has-animation no-extra-padding inherit_tablet inherit_phone flex_gap_desktop_10px\"   data-padding-pos=\"all\" data-has-bg-color=\"false\" data-bg-color=\"\" data-bg-opacity=\"1\" data-animation=\"fade-in-from-bottom\" data-delay=\"0\" >\n\t\t<div class=\"vc_column-inner\" >\n\t\t<div class=\"wpb_wrapper\">\n\t\t\t\n\t\t<\/div> \n\t<\/div>\n\t<\/div> \n\n\t<div style=\"\" class=\"vc_col-sm-6 wpb_column column_container vc_column_container col child_column padding-5-percent inherit_tablet inherit_phone\"  data-using-bg=\"true\" data-border-radius=\"15px\" data-padding-pos=\"all\" data-has-bg-color=\"true\" data-bg-color=\"#00000042\" data-bg-opacity=\"1\" data-hover-bg=\"#000000B5\" data-hover-bg-opacity=\"1\" data-animation=\"\" data-delay=\"0\" >\n\t\t<div class=\"vc_column-inner\" ><div class=\"column-bg-overlay-wrap column-bg-layer\" data-bg-animation=\"none\"><div class=\"column-bg-overlay\" style=\"opacity: 1; background-color: #00000042;\"><\/div><\/div>\n\t\t<div class=\"wpb_wrapper\">\n\t\t\t\n<div class=\"wpb_text_column wpb_content_element  vc_custom_1767455712413\" >\n\t<h2>JET SURF \u2013 Pilot the adrenaline<\/h2>\n<\/div>\n\n\n\n\n<div class=\"wpb_text_column wpb_content_element  vc_custom_1767455721451\" style=\" max-width: 500px; display: inline-block;\">\n\t<p class=\"p1\">Experience the thrill of Jet Surfing, the water sport that combines speed, balance, and extreme excitement. Glide across the waves on this state-of-the-art motorized board and feel the freedom to control every turn like a true pro.<br data-start=\"470\" data-end=\"473\">Ideal for adventurers seeking new sensations on the Costa del Sol.<\/p>\n<\/div>\n\n\n\n\n<div class=\"wpb_text_column wpb_content_element  vc_custom_1767455962322\" >\n\t<p>Includes safety equipment and professional assistance.<\/p>\n<\/div>\n\n\n\n<div class=\"nectar-hor-list-item has-btn\" data-hover-effect=\"full_border\" data-br=\"15px\" data-font-family=\"h5\" data-color=\"extra-color-2\" data-columns=\"4\" data-column-layout=\"even\"><div class=\"nectar-list-item\" data-icon=\"false\" data-text-align=\"left\">30 MINUTES<\/div><div class=\"nectar-list-item\" data-text-align=\"left\">\u20ac150\/Person<\/div><div class=\"nectar-list-item\" data-text-align=\"left\">Maximum 4 people<\/div><div class=\"nectar-list-item\" data-text-align=\"left\"><a class=\"nectar-list-item-btn second\" href=\"https:\/\/wa.link\/4xgjef\" rel=\"nofollow noopener\" target=\"_blank\">Reserve<\/a><\/div><\/div><div class=\"nectar-hor-list-item has-btn\" data-hover-effect=\"full_border\" data-br=\"15px\" data-font-family=\"h5\" data-color=\"extra-color-2\" data-columns=\"4\" data-column-layout=\"even\"><div class=\"nectar-list-item\" data-icon=\"false\" data-text-align=\"left\">1 HOUR<\/div><div class=\"nectar-list-item\" data-text-align=\"left\">\u20ac250\/Person<\/div><div class=\"nectar-list-item\" data-text-align=\"left\">Maximum 4 people<\/div><div class=\"nectar-list-item\" data-text-align=\"left\"><a class=\"nectar-list-item-btn second\" href=\"https:\/\/wa.link\/4xgjef\" rel=\"nofollow noopener\" target=\"_blank\">Reserve<\/a><\/div><\/div>\n\t\t<\/div> \n\t<\/div>\n\t<\/div> \n<\/div><\/div>\n\t\t\t<\/div> \n\t\t<\/div>\n\t<\/div> \n<\/div><\/div>\n\t\t<div id=\"fws_69f98c9c818d5\"  data-column-margin=\"default\" data-midnight=\"light\" data-top-percent=\"18%\" data-bottom-percent=\"18%\"  class=\"wpb_row vc_row-fluid vc_row full-width-section parallax_section\"  style=\"padding-top: calc(100vw * 0.18); padding-bottom: calc(100vw * 0.18); \"><div class=\"row-bg-wrap\" data-bg-animation=\"none\" data-bg-animation-delay=\"\" data-bg-overlay=\"true\"><div class=\"inner-wrap row-bg-layer using-image\" ><div class=\"row-bg viewport-desktop using-image using-bg-color\" data-parallax-speed=\"fast\" style=\"background-image: url(https:\/\/yachtprospain.com\/wp-content\/uploads\/2022\/11\/wakeboard-deportes-acuaticos-1.jpg); background-position: center center; background-repeat: no-repeat; background-color: #333333; \"><\/div><\/div><div class=\"row-bg-overlay row-bg-layer\" style=\"background-color:rgba(10,10,10,0.78);  opacity: 0.8; \"><\/div><\/div><div class=\"row_col_wrap_12 col span_12 light left\">\n\t<div  class=\"vc_col-sm-12 wpb_column column_container vc_column_container col no-extra-padding inherit_tablet inherit_phone flex_gap_desktop_10px\"  data-padding-pos=\"all\" data-has-bg-color=\"false\" data-bg-color=\"\" data-bg-opacity=\"1\" data-animation=\"\" data-delay=\"0\" >\n\t\t<div class=\"vc_column-inner\" >\n\t\t\t<div class=\"wpb_wrapper\">\n\t\t\t\t<div id=\"fws_69f98c9c81a89\" data-midnight=\"\" data-column-margin=\"default\" class=\"wpb_row vc_row-fluid vc_row inner_row\"  style=\"\"><div class=\"row-bg-wrap\"> <div class=\"row-bg\" ><\/div> <\/div><div class=\"row_col_wrap_12_inner col span_12  left\">\n\t<div style=\"\" class=\"vc_col-sm-6 wpb_column column_container vc_column_container col child_column has-animation padding-4-percent inherit_tablet padding-2-percent_phone\"  data-using-bg=\"true\" data-border-radius=\"10px\" data-padding-pos=\"all\" data-has-bg-color=\"true\" data-bg-color=\"#00000047\" data-bg-opacity=\"1\" data-hover-bg=\"#000000BD\" data-hover-bg-opacity=\"1\" data-animation=\"fade-in-from-bottom\" data-delay=\"0\" >\n\t\t<div class=\"vc_column-inner\" ><div class=\"column-bg-overlay-wrap column-bg-layer\" data-bg-animation=\"none\"><div class=\"column-bg-overlay\" style=\"opacity: 1; background-color: #00000047;\"><\/div><\/div>\n\t\t<div class=\"wpb_wrapper\">\n\t\t\t\n<div class=\"wpb_text_column wpb_content_element  vc_custom_1767455916642\" >\n\t<h2>WAKEBOARD \u2013 Feel the power of the sea beneath your feet<\/h2>\n<p>&nbsp;<\/p>\n<\/div>\n\n\n\n\n<div class=\"wpb_text_column wpb_content_element  vc_custom_1767455936815\" style=\" max-width: 500px; display: inline-block;\">\n\t<p>Surf on the water towed by our boat<strong> <em data-start=\"216\" data-end=\"224\">Kraken<\/em> and experience the thrill of wakeboarding on the Costa del Sol.<\/strong> Ideal for those looking to combine sport, adrenaline and the sea in a single activity.<br data-start=\"368\" data-end=\"371\">Whether you&#039;re a beginner or an expert, fun is guaranteed!<\/p>\n<\/div>\n\n\n\n\n<div class=\"wpb_text_column wpb_content_element  vc_custom_1767455951462\" >\n\t<h4>Includes: boat + ski equipment + fuel + skipper + drinks and snacks<\/h4>\n<\/div>\n\n\n\n<div class=\"divider-wrap\" data-alignment=\"default\"><div style=\"height: 25px;\" class=\"divider\"><\/div><\/div>\n<div class=\"wpb_text_column wpb_content_element  vc_custom_1767420701525\" >\n\t<p style=\"text-align: left;\"><strong>RATES<\/strong><\/p>\n<\/div>\n\n\n\n<div class=\"nectar-hor-list-item has-btn\" data-hover-effect=\"full_border\" data-br=\"15px\" data-font-family=\"h5\" data-color=\"extra-color-2\" data-columns=\"4\" data-column-layout=\"even\"><div class=\"nectar-list-item\" data-icon=\"false\" data-text-align=\"left\">1 HOUR<\/div><div class=\"nectar-list-item\" data-text-align=\"left\">400\u20ac<\/div><div class=\"nectar-list-item\" data-text-align=\"left\">Maximum 4 people on board<\/div><div class=\"nectar-list-item\" data-text-align=\"left\"><a class=\"nectar-list-item-btn second\" href=\"https:\/\/wa.link\/4xgjef\" rel=\"nofollow noopener\" target=\"_blank\">Reserve<\/a><\/div><\/div>\n\t\t<\/div> \n\t<\/div>\n\t<\/div> \n\n\t<div  class=\"vc_col-sm-6 wpb_column column_container vc_column_container col child_column no-extra-padding inherit_tablet inherit_phone flex_gap_desktop_10px\"   data-padding-pos=\"all\" data-has-bg-color=\"false\" data-bg-color=\"\" data-bg-opacity=\"1\" data-animation=\"\" data-delay=\"0\" >\n\t\t<div class=\"vc_column-inner\" >\n\t\t<div class=\"wpb_wrapper\">\n\t\t\t\n\t\t<\/div> \n\t<\/div>\n\t<\/div> \n<\/div><\/div>\n\t\t\t<\/div> \n\t\t<\/div>\n\t<\/div> \n<\/div><\/div>\n\t\t<div id=\"fws_69f98c9c822f8\"  data-column-margin=\"default\" data-midnight=\"light\" data-top-percent=\"18%\" data-bottom-percent=\"18%\"  class=\"wpb_row vc_row-fluid vc_row full-width-section parallax_section\"  style=\"padding-top: calc(100vw * 0.18); padding-bottom: calc(100vw * 0.18); \"><div class=\"row-bg-wrap\" data-bg-animation=\"none\" data-bg-animation-delay=\"\" data-bg-overlay=\"true\"><div class=\"inner-wrap row-bg-layer using-image\" ><div class=\"row-bg viewport-desktop using-image using-bg-color\" data-parallax-speed=\"fast\" style=\"background-image: url(https:\/\/yachtprospain.com\/wp-content\/uploads\/2022\/11\/kneeboard-deportes-acuaticos-1.jpg); background-position: center center; background-repeat: no-repeat; background-color: #333333; \"><\/div><\/div><div class=\"row-bg-overlay row-bg-layer\" style=\"background-color:rgba(10,10,10,0.78);  opacity: 0.8; \"><\/div><\/div><div class=\"row_col_wrap_12 col span_12 light left\">\n\t<div  class=\"vc_col-sm-12 wpb_column column_container vc_column_container col no-extra-padding inherit_tablet inherit_phone flex_gap_desktop_10px\"  data-padding-pos=\"all\" data-has-bg-color=\"false\" data-bg-color=\"\" data-bg-opacity=\"1\" data-animation=\"\" data-delay=\"0\" >\n\t\t<div class=\"vc_column-inner\" >\n\t\t\t<div class=\"wpb_wrapper\">\n\t\t\t\t<div id=\"fws_69f98c9c82492\" data-midnight=\"\" data-column-margin=\"default\" class=\"wpb_row vc_row-fluid vc_row inner_row\"  style=\"\"><div class=\"row-bg-wrap\"> <div class=\"row-bg\" ><\/div> <\/div><div class=\"row_col_wrap_12_inner col span_12  left\">\n\t<div  class=\"vc_col-sm-6 wpb_column column_container vc_column_container col child_column has-animation no-extra-padding inherit_tablet inherit_phone flex_gap_desktop_10px\"   data-padding-pos=\"all\" data-has-bg-color=\"false\" data-bg-color=\"\" data-bg-opacity=\"1\" data-animation=\"fade-in-from-bottom\" data-delay=\"0\" >\n\t\t<div class=\"vc_column-inner\" >\n\t\t<div class=\"wpb_wrapper\">\n\t\t\t\n\t\t<\/div> \n\t<\/div>\n\t<\/div> \n\n\t<div style=\"\" class=\"vc_col-sm-6 wpb_column column_container vc_column_container col child_column padding-5-percent inherit_tablet inherit_phone\"  data-using-bg=\"true\" data-border-radius=\"15px\" data-padding-pos=\"all\" data-has-bg-color=\"true\" data-bg-color=\"#00000042\" data-bg-opacity=\"1\" data-hover-bg=\"#000000B5\" data-hover-bg-opacity=\"1\" data-animation=\"\" data-delay=\"0\" >\n\t\t<div class=\"vc_column-inner\" ><div class=\"column-bg-overlay-wrap column-bg-layer\" data-bg-animation=\"none\"><div class=\"column-bg-overlay\" style=\"opacity: 1; background-color: #00000042;\"><\/div><\/div>\n\t\t<div class=\"wpb_wrapper\">\n\t\t\t\n<div class=\"wpb_text_column wpb_content_element  vc_custom_1767456050420\" >\n\t<h2>KNEEBOARD \u2013 Challenge the waves from a new perspective<\/h2>\n<\/div>\n\n\n\n\n<div class=\"wpb_text_column wpb_content_element  vc_custom_1767456056856\" style=\" max-width: 500px; display: inline-block;\">\n\t<p data-start=\"105\" data-end=\"465\">Get on the <em data-start=\"178\" data-end=\"189\">Kneeboard<\/em> Enjoy a unique experience where stability and control combine with the thrill of gliding at full speed across the water. Ideal for all ages and skill levels, this activity is perfect for those who want to try something new and fun at sea.<\/p>\n<p data-start=\"467\" data-end=\"527\">\n<\/div>\n\n\n\n\n<div class=\"wpb_text_column wpb_content_element  vc_custom_1767456064427\" >\n\t<p>Includes: boat + ski equipment + fuel + skipper + drinks and snacks<\/p>\n<\/div>\n\n\n\n\n<div class=\"wpb_text_column wpb_content_element  vc_custom_1767420701525\" >\n\t<p style=\"text-align: left;\"><strong>RATES<\/strong><\/p>\n<\/div>\n\n\n\n<div class=\"nectar-hor-list-item has-btn\" data-hover-effect=\"full_border\" data-br=\"15px\" data-font-family=\"h5\" data-color=\"extra-color-2\" data-columns=\"4\" data-column-layout=\"even\"><div class=\"nectar-list-item\" data-icon=\"false\" data-text-align=\"left\">1 HOUR<\/div><div class=\"nectar-list-item\" data-text-align=\"left\">\u20ac400\/Person<\/div><div class=\"nectar-list-item\" data-text-align=\"left\">Maximum 4 people on board<\/div><div class=\"nectar-list-item\" data-text-align=\"left\"><a class=\"nectar-list-item-btn second\" href=\"https:\/\/wa.link\/4xgjef\" rel=\"nofollow noopener\" target=\"_blank\">Reserve<\/a><\/div><\/div>\n\t\t<\/div> \n\t<\/div>\n\t<\/div> \n<\/div><\/div>\n\t\t\t<\/div> \n\t\t<\/div>\n\t<\/div> \n<\/div><\/div>\n\t\t<div id=\"fws_69f98c9c82cb9\"  data-column-margin=\"default\" data-midnight=\"light\" data-top-percent=\"18%\" data-bottom-percent=\"18%\"  class=\"wpb_row vc_row-fluid vc_row full-width-section parallax_section\"  style=\"padding-top: calc(100vw * 0.18); padding-bottom: calc(100vw * 0.18); \"><div class=\"row-bg-wrap\" data-bg-animation=\"none\" data-bg-animation-delay=\"\" data-bg-overlay=\"true\"><div class=\"inner-wrap row-bg-layer using-image\" ><div class=\"row-bg viewport-desktop using-image using-bg-color\" data-parallax-speed=\"fast\" style=\"background-image: url(https:\/\/yachtprospain.com\/wp-content\/uploads\/2022\/11\/ski-deportes-acuaticos-1.jpg); background-position: center center; background-repeat: no-repeat; background-color: #333333; \"><\/div><\/div><div class=\"row-bg-overlay row-bg-layer\" style=\"background-color:rgba(10,10,10,0.78);  opacity: 0.8; \"><\/div><\/div><div class=\"row_col_wrap_12 col span_12 light left\">\n\t<div  class=\"vc_col-sm-12 wpb_column column_container vc_column_container col no-extra-padding inherit_tablet inherit_phone flex_gap_desktop_10px\"  data-padding-pos=\"all\" data-has-bg-color=\"false\" data-bg-color=\"\" data-bg-opacity=\"1\" data-animation=\"\" data-delay=\"0\" >\n\t\t<div class=\"vc_column-inner\" >\n\t\t\t<div class=\"wpb_wrapper\">\n\t\t\t\t<div id=\"fws_69f98c9c82e47\" data-midnight=\"\" data-column-margin=\"default\" class=\"wpb_row vc_row-fluid vc_row inner_row\"  style=\"\"><div class=\"row-bg-wrap\"> <div class=\"row-bg\" ><\/div> <\/div><div class=\"row_col_wrap_12_inner col span_12  left\">\n\t<div style=\"\" class=\"vc_col-sm-6 wpb_column column_container vc_column_container col child_column has-animation padding-4-percent inherit_tablet padding-2-percent_phone\"  data-using-bg=\"true\" data-border-radius=\"10px\" data-padding-pos=\"all\" data-has-bg-color=\"true\" data-bg-color=\"#00000047\" data-bg-opacity=\"1\" data-hover-bg=\"#000000BD\" data-hover-bg-opacity=\"1\" data-animation=\"fade-in-from-bottom\" data-delay=\"0\" >\n\t\t<div class=\"vc_column-inner\" ><div class=\"column-bg-overlay-wrap column-bg-layer\" data-bg-animation=\"none\"><div class=\"column-bg-overlay\" style=\"opacity: 1; background-color: #00000047;\"><\/div><\/div>\n\t\t<div class=\"wpb_wrapper\">\n\t\t\t\n<div class=\"wpb_text_column wpb_content_element  vc_custom_1767456185035\" >\n\t<h2>SKI \u2013 Glide powerfully over the waves<\/h2>\n<p>&nbsp;<\/p>\n<\/div>\n\n\n\n\n<div class=\"wpb_text_column wpb_content_element  vc_custom_1767456197711\" style=\" max-width: 500px; display: inline-block;\">\n\t<p data-start=\"87\" data-end=\"427\"><strong>Experience the speed and technique of water skiing aboard our boat <em data-start=\"221\" data-end=\"229\">Kraken<\/em>.<\/strong> Ideal for those who enjoy sports and balance, this activity offers an adrenaline rush and fun on the Costa del Sol. Hop on and show off your skills on the water!<\/p>\n<p data-start=\"429\" data-end=\"489\">\n<\/div>\n\n\n\n\n<div class=\"wpb_text_column wpb_content_element  vc_custom_1767455951462\" >\n\t<h4>Includes: boat + ski equipment + fuel + skipper + drinks and snacks<\/h4>\n<\/div>\n\n\n\n<div class=\"divider-wrap\" data-alignment=\"default\"><div style=\"height: 25px;\" class=\"divider\"><\/div><\/div>\n<div class=\"wpb_text_column wpb_content_element  vc_custom_1767420701525\" >\n\t<p style=\"text-align: left;\"><strong>RATES<\/strong><\/p>\n<\/div>\n\n\n\n<div class=\"nectar-hor-list-item has-btn\" data-hover-effect=\"full_border\" data-br=\"15px\" data-font-family=\"h5\" data-color=\"extra-color-2\" data-columns=\"4\" data-column-layout=\"even\"><div class=\"nectar-list-item\" data-icon=\"false\" data-text-align=\"left\">1 HOUR<\/div><div class=\"nectar-list-item\" data-text-align=\"left\">400\u20ac<\/div><div class=\"nectar-list-item\" data-text-align=\"left\">Maximum 4 people on board<\/div><div class=\"nectar-list-item\" data-text-align=\"left\"><a class=\"nectar-list-item-btn second\" href=\"https:\/\/wa.link\/4xgjef\" rel=\"nofollow noopener\" target=\"_blank\">Reserve<\/a><\/div><\/div>\n\t\t<\/div> \n\t<\/div>\n\t<\/div> \n\n\t<div  class=\"vc_col-sm-6 wpb_column column_container vc_column_container col child_column no-extra-padding inherit_tablet inherit_phone flex_gap_desktop_10px\"   data-padding-pos=\"all\" data-has-bg-color=\"false\" data-bg-color=\"\" data-bg-opacity=\"1\" data-animation=\"\" data-delay=\"0\" >\n\t\t<div class=\"vc_column-inner\" >\n\t\t<div class=\"wpb_wrapper\">\n\t\t\t\n\t\t<\/div> \n\t<\/div>\n\t<\/div> \n<\/div><\/div>\n\t\t\t<\/div> \n\t\t<\/div>\n\t<\/div> \n<\/div><\/div>","protected":false},"excerpt":{"rendered":"JET SURF \u2013 Pilota la adrenalina Vive una experiencia \u00fanica sobre el mar con el Jet Surf, el deporte acu\u00e1tico que combina velocidad, equilibrio y emoci\u00f3n extrema. Desl\u00edzate sobre las...","protected":false},"author":1,"featured_media":0,"parent":0,"menu_order":0,"comment_status":"closed","ping_status":"closed","template":"","meta":{"jetpack_post_was_ever_published":false,"_joinchat":[],"footnotes":""},"tags":[],"class_list":["post-7628","page","type-page","status-publish"],"_hostinger_reach_plugin_has_subscription_block":false,"_hostinger_reach_plugin_is_elementor":false,"jetpack_shortlink":"https:\/\/wp.me\/P9sOOi-1Z2","jetpack_sharing_enabled":true,"_links":{"self":[{"href":"https:\/\/yachtprospain.com\/en\/wp-json\/wp\/v2\/pages\/7628","targetHints":{"allow":["GET"]}}],"collection":[{"href":"https:\/\/yachtprospain.com\/en\/wp-json\/wp\/v2\/pages"}],"about":[{"href":"https:\/\/yachtprospain.com\/en\/wp-json\/wp\/v2\/types\/page"}],"author":[{"embeddable":true,"href":"https:\/\/yachtprospain.com\/en\/wp-json\/wp\/v2\/users\/1"}],"replies":[{"embeddable":true,"href":"https:\/\/yachtprospain.com\/en\/wp-json\/wp\/v2\/comments?post=7628"}],"version-history":[{"count":8,"href":"https:\/\/yachtprospain.com\/en\/wp-json\/wp\/v2\/pages\/7628\/revisions"}],"predecessor-version":[{"id":10671,"href":"https:\/\/yachtprospain.com\/en\/wp-json\/wp\/v2\/pages\/7628\/revisions\/10671"}],"wp:attachment":[{"href":"https:\/\/yachtprospain.com\/en\/wp-json\/wp\/v2\/media?parent=7628"}],"wp:term":[{"taxonomy":"post_tag","embeddable":true,"href":"https:\/\/yachtprospain.com\/en\/wp-json\/wp\/v2\/tags?post=7628"}],"curies":[{"name":"wp","href":"https:\/\/api.w.org\/{rel}","templated":true}]}}