{"id":312,"date":"2017-12-28T17:34:50","date_gmt":"2017-12-28T16:34:50","guid":{"rendered":"https:\/\/yachtprospain.com\/?page_id=312"},"modified":"2024-08-27T15:19:04","modified_gmt":"2024-08-27T13:19:04","slug":"eventos-nauticos-marbella","status":"publish","type":"page","link":"https:\/\/yachtprospain.com\/en\/eventos-nauticos-marbella\/","title":{"rendered":"Events"},"content":{"rendered":"<div id=\"fws_69f98c5285d1e\"  data-column-margin=\"50px\" data-midnight=\"dark\" data-top-percent=\"5%\" data-bottom-percent=\"5%\"  class=\"wpb_row vc_row-fluid vc_row full-width-section has-row-bg-color vc_row-o-equal-height vc_row-flex vc_row-o-content-middle  reverse_columns_column_tablet reverse_columns_column_phone top_padding_tablet_15pct bottom_padding_tablet_15pct\"  style=\"padding-top: calc(100vw * 0.05); padding-bottom: calc(100vw * 0.05); --row-bg-color: #ffffff;\"><div class=\"row-bg-wrap\" data-bg-animation=\"none\" data-bg-animation-delay=\"\" data-bg-overlay=\"false\"><div class=\"inner-wrap row-bg-layer\" ><div class=\"row-bg viewport-desktop using-bg-color\"  style=\"background-color: #ffffff; \"><\/div><\/div><\/div><div class=\"row_col_wrap_12 col span_12 dark left\">\n\t<div  class=\"vc_col-sm-6 vc_col-lg-6 wpb_column column_container vc_column_container col has-animation padding-4-percent inherit_tablet inherit_phone\"  data-padding-pos=\"right\" data-has-bg-color=\"false\" data-bg-color=\"\" data-bg-opacity=\"1\" data-animation=\"reveal-from-left\" data-delay=\"60\" >\n\t\t<div class=\"vc_column-inner\" >\n\t\t\t<div class=\"wpb_wrapper\">\n\t\t\t\t<div id=\"fws_69f98c5285f4d\" data-midnight=\"\" data-column-margin=\"none\" class=\"wpb_row vc_row-fluid vc_row inner_row\"  style=\"padding-bottom: 15px; \"><div class=\"row-bg-wrap\"> <div class=\"row-bg\" ><\/div> <\/div><div class=\"row_col_wrap_12_inner col span_12  left\">\n\t<div  class=\"vc_col-sm-12 wpb_column column_container vc_column_container col child_column no-extra-padding inherit_tablet inherit_phone\"   data-padding-pos=\"all\" data-has-bg-color=\"false\" data-bg-color=\"\" data-bg-opacity=\"1\" data-animation=\"\" data-delay=\"0\" >\n\t\t<div class=\"vc_column-inner\" >\n\t\t<div class=\"wpb_wrapper\">\n\t\t\t<div class=\"nectar-split-heading\" data-align=\"default\" data-m-align=\"inherit\" data-text-effect=\"default\" data-animation-type=\"line-reveal-by-space\" data-animation-delay=\"0\" data-animation-offset=\"\" data-m-rm-animation=\"\" data-stagger=\"\" data-custom-font-size=\"false\" ><h2 style=\" color: #1e83ec;\">Jet Ski<\/h2><\/div>\n\t\t<\/div> \n\t<\/div>\n\t<\/div> \n<\/div><\/div><div id=\"fws_69f98c5286128\" data-midnight=\"\" data-column-margin=\"default\" class=\"wpb_row vc_row-fluid vc_row inner_row\"  style=\"\"><div class=\"row-bg-wrap\"> <div class=\"row-bg\" ><\/div> <\/div><div class=\"row_col_wrap_12_inner col span_12  left\">\n\t<div  class=\"vc_col-sm-12 wpb_column column_container vc_column_container col child_column has-animation padding-2-percent no-extra-padding_tablet inherit_phone\"   data-padding-pos=\"right\" data-has-bg-color=\"false\" data-bg-color=\"\" data-bg-opacity=\"1\" data-animation=\"fade-in-from-bottom\" data-delay=\"0\" >\n\t\t<div class=\"vc_column-inner\" >\n\t\t<div class=\"wpb_wrapper\">\n\t\t\t\n<div class=\"wpb_text_column wpb_content_element\" >\n\t<p>Live the experience of a lifetime by renting a jet ski, with or without a license.<\/p>\n<\/div>\n\n\n\n\n\t\t<\/div> \n\t<\/div>\n\t<\/div> \n<\/div><\/div><div id=\"fws_69f98c52862a1\" data-midnight=\"\" data-column-margin=\"none\" class=\"wpb_row vc_row-fluid vc_row inner_row\"  style=\"\"><div class=\"row-bg-wrap\"> <div class=\"row-bg\" ><\/div> <\/div><div class=\"row_col_wrap_12_inner col span_12  left\">\n\t<div  class=\"vc_col-sm-12 wpb_column column_container vc_column_container col child_column has-animation padding-2-percent no-extra-padding_tablet inherit_phone\"   data-padding-pos=\"right\" data-has-bg-color=\"false\" data-bg-color=\"\" data-bg-opacity=\"1\" data-animation=\"fade-in-from-bottom\" data-delay=\"0\" >\n\t\t<div class=\"vc_column-inner\" >\n\t\t<div class=\"wpb_wrapper\">\n\t\t\t<div class=\"nectar-cta  alignment_tablet_default alignment_phone_default\" data-color=\"default\" data-using-bg=\"false\" data-style=\"arrow-animation\" data-display=\"block\" data-alignment=\"left\" data-text-color=\"custom\" style=\"--nectar-text-color: #000000; --nectar-button-color: var(--nectar-default); --nectar-icon-gap: 10px; \"><span style=\"color: #000000;\" class=\"nectar-button-type\"><span class=\"link_wrap\" style=\"padding-top: 20px; padding-bottom: 20px; \"><a  class=\"link_text\" role=\"button\" href=\"https:\/\/yachtprospain.com\/en\/jet-ski\/\"><span class=\"text\">Learn more<\/span><svg class=\"next-arrow\" aria-hidden=\"true\" width=\"20px\" height=\"25px\" viewbox=\"0 0 50 80\" xml:space=\"preserve\">\n  <polyline stroke=\"#ffffff\" stroke-width=\"9\" fill=\"none\" stroke-linecap=\"round\" stroke-linejoin=\"round\" points=\"0, 0 45, 40 0, 80\"\/>\n  <\/svg>  <span aria-hidden=\"true\" class=\"line\"  style=\"background-color: #000000;\"><\/span> <\/a><\/span><\/span><\/div>\n\t\t<\/div> \n\t<\/div>\n\t<\/div> \n<\/div><\/div>\n\t\t\t<\/div> \n\t\t<\/div>\n\t<\/div> \n\n\t<div  class=\"vc_col-sm-6 vc_col-lg-6 wpb_column column_container vc_column_container col padding-4-percent inherit_tablet inherit_phone\"  data-padding-pos=\"top-bottom\" data-has-bg-color=\"false\" data-bg-color=\"\" data-bg-opacity=\"1\" data-animation=\"\" data-delay=\"0\" >\n\t\t<div class=\"vc_column-inner\" >\n\t\t\t<div class=\"wpb_wrapper\">\n\t\t\t\t<div id=\"fws_69f98c52864de\" data-midnight=\"\" data-column-margin=\"default\" class=\"wpb_row vc_row-fluid vc_row inner_row  min_width_desktop_58vw\"  style=\"\"><div class=\"row-bg-wrap\"> <div class=\"row-bg\" ><\/div> <\/div><div class=\"row_col_wrap_12_inner col span_12  left\">\n\t<div  class=\"vc_col-sm-12 wpb_column column_container vc_column_container col child_column has-animation no-extra-padding inherit_tablet inherit_phone\"   data-padding-pos=\"all\" data-has-bg-color=\"false\" data-bg-color=\"\" data-bg-opacity=\"1\" data-animation=\"reveal-from-right\" data-delay=\"60\" >\n\t\t<div class=\"vc_column-inner\" >\n\t\t<div class=\"wpb_wrapper\">\n\t\t\t<div class=\"nectar_video_player_self_hosted wpb_video_widget wpb_content_element vc_clearfix vc_video-aspect-ratio-169 vc_video-el-width-100 vc_video-align-left\" data-border-radius=\"10px\" data-shadow=\"none\">\n<div class=\"wpb_wrapper\"><div class=\"wpb_video_wrapper\"><video width=\"1280\" height=\"720\" class=\"nectar-video-self-hosted\" preload=\"metadata\" loop autoplay muted playsinline poster=\"https:\/\/yachtprospain.com\/wp-content\/uploads\/2022\/11\/eventos-jet-ski.jpg\"><\/video><\/div><\/div><\/div>\n\t\t<\/div> \n\t<\/div>\n\t<\/div> \n<\/div><\/div>\n\t\t\t<\/div> \n\t\t<\/div>\n\t<\/div> \n<\/div><\/div>\n\t\t<div id=\"fws_69f98c52869a0\"  data-column-margin=\"default\" data-midnight=\"dark\"  class=\"wpb_row vc_row-fluid vc_row full-width-section has-row-bg-color\"  style=\"padding-top: 0px; padding-bottom: 0px; --row-bg-color: #ffffff;\"><div class=\"row-bg-wrap\" data-bg-animation=\"none\" data-bg-animation-delay=\"\" data-bg-overlay=\"false\"><div class=\"inner-wrap row-bg-layer\" ><div class=\"row-bg viewport-desktop using-bg-color\"  style=\"background-color: #ffffff; \"><\/div><\/div><\/div><div class=\"row_col_wrap_12 col span_12 dark left\">\n\t<div style=\" color: #000000;\" class=\"vc_col-sm-12 wpb_column column_container vc_column_container col no-extra-padding inherit_tablet inherit_phone\" data-cfc=\"true\"  data-padding-pos=\"all\" data-has-bg-color=\"false\" data-bg-color=\"\" data-bg-opacity=\"1\" data-animation=\"\" data-delay=\"0\" >\n\t\t<div class=\"vc_column-inner\" >\n\t\t\t<div class=\"wpb_wrapper\">\n\t\t\t\t<div class=\"nectar-split-heading\" data-align=\"center\" data-m-align=\"inherit\" data-text-effect=\"default\" data-animation-type=\"line-reveal-by-space\" data-animation-delay=\"0\" data-animation-offset=\"\" data-m-rm-animation=\"\" data-stagger=\"\" data-custom-font-size=\"false\" ><h1 style=\" color: #1e83ec;\">Nautical Events<\/h1><\/div>\n<div class=\"wpb_text_column wpb_content_element  wpb_animate_when_almost_visible wpb_fadeInDown fadeInDown\" >\n\t<p style=\"text-align: center;\">We celebrate your birthday, bachelor\/bachelorette parties, company or friends meetings and all kinds of nautical events in Marbella, in a BIG way.<br \/>\nBoat parties, fishing trips, a catamaran ride, a fun afternoon with our soups, banana boat rides, donuts, jet skis, water skis or waveboards, and for the more adventurous, parasailing. Whether you&#039;re traveling as a couple or in a group, we&#039;ll tailor your event to your needs.<\/p>\n<\/div>\n\n\n\n\n\t\t\t<\/div> \n\t\t<\/div>\n\t<\/div> \n<\/div><\/div>\n\t\t<div id=\"impact\"  data-column-margin=\"default\" data-midnight=\"dark\" data-bottom-percent=\"12%\"  class=\"wpb_row vc_row-fluid vc_row full-width-section has-row-bg-color\"  style=\"padding-top: 0px; padding-bottom: calc(100vw * 0.12); --row-bg-color: #ffffff;\"><div class=\"row-bg-wrap\" data-bg-animation=\"none\" data-bg-animation-delay=\"\" data-bg-overlay=\"false\"><div class=\"inner-wrap row-bg-layer\" ><div class=\"row-bg viewport-desktop using-bg-color\"  style=\"background-color: #ffffff; \"><\/div><\/div><\/div><div class=\"row_col_wrap_12 col span_12 dark left\">\n\t<div  class=\"vc_col-sm-12 wpb_column column_container vc_column_container col no-extra-padding inherit_tablet inherit_phone\"  data-padding-pos=\"all\" data-has-bg-color=\"false\" data-bg-color=\"\" data-bg-opacity=\"1\" data-animation=\"\" data-delay=\"0\" >\n\t\t<div class=\"vc_column-inner\" >\n\t\t\t<div class=\"wpb_wrapper\">\n\t\t\t\t<div class=\"nectar-flickity not-initialized nectar-carousel\" data-centered-cells=\"false\" data-pause-on-hover=\"\" data-touch-icon-color=\"default\" data-control-color=\"accent-color\" data-overflow=\"visible\" data-r-bottom-total=\"\" data-drag-scale=\"true\" data-wrap=\"no-wrap\" data-spacing=\"default\" data-controls=\"touch_total\" data-pagination-alignment=\"default\" data-adaptive-height=\"\" data-border-radius=\"none\" data-column-border=\"\" data-column-padding=\"0\" data-format=\"default\" data-autoplay=\"\" data-autoplay-dur=\"5000\" data-control-style=\"material_pagination\" data-desktop-columns=\"3\" data-small-desktop-columns=\"3\" data-tablet-columns=\"2\" data-phone-columns=\"1\" data-column-color=\"\"><div class=\"flickity-viewport\"> <div class=\"flickity-slider\"><div class=\"cell\"><div class=\"inner-wrap-outer\"><div class=\"inner-wrap\" ><div class=\"nectar-fancy-box using-img\" style=\"min-height: 450px\" data-style=\"hover_desc\" data-border-radius=\"default\" data-animation=\"\" data-bg-animation=\"none\" data-border=\"\" data-delay=\"\" data-alignment=\"left\" data-color=\"accent-color\" ><div class=\"box-bg\" role=\"presentation\"  data-nectar-img-src=\"https:\/\/yachtprospain.com\/wp-content\/uploads\/2022\/11\/wave-board-eventos.jpg\"><\/div><div class=\"inner\"><div class=\"heading-wrap\">\n<h3>Waveboard<\/h3>\n<\/div><\/div>   <\/div><\/div><\/div><\/div><div class=\"cell\"><div class=\"inner-wrap-outer\"><div class=\"inner-wrap\" ><div class=\"nectar-fancy-box using-img\" style=\"min-height: 450px\" data-style=\"hover_desc\" data-border-radius=\"default\" data-animation=\"\" data-bg-animation=\"none\" data-border=\"\" data-delay=\"\" data-alignment=\"left\" data-color=\"accent-color\" ><div class=\"box-bg\" role=\"presentation\"  data-nectar-img-src=\"https:\/\/yachtprospain.com\/wp-content\/uploads\/2022\/11\/eventos-jet-ski.jpg\"><\/div><div class=\"inner\"><div class=\"heading-wrap\">\n<h3>Jet Ski<\/h3>\n<\/div><\/div>   <\/div><\/div><\/div><\/div><div class=\"cell\"><div class=\"inner-wrap-outer\"><div class=\"inner-wrap\" ><div class=\"nectar-fancy-box using-img\" style=\"min-height: 450px\" data-style=\"hover_desc\" data-border-radius=\"default\" data-animation=\"\" data-bg-animation=\"none\" data-border=\"\" data-delay=\"\" data-alignment=\"left\" data-color=\"accent-color\" ><div class=\"box-bg\" role=\"presentation\"  data-nectar-img-src=\"https:\/\/yachtprospain.com\/wp-content\/uploads\/2022\/11\/jet-ski-eventos.jpg\"><\/div><div class=\"inner\"><div class=\"heading-wrap\">\n<h3>Ski<\/h3>\n<\/div><\/div>   <\/div><\/div><\/div><\/div><div class=\"cell\"><div class=\"inner-wrap-outer\"><div class=\"inner-wrap\" ><div class=\"nectar-fancy-box using-img\" style=\"min-height: 450px\" data-style=\"hover_desc\" data-border-radius=\"default\" data-animation=\"\" data-bg-animation=\"none\" data-border=\"\" data-delay=\"\" data-alignment=\"left\" data-color=\"accent-color\" ><div class=\"box-bg\" role=\"presentation\"  data-nectar-img-src=\"https:\/\/yachtprospain.com\/wp-content\/uploads\/2022\/11\/banana-eventos.jpg\"><\/div><div class=\"inner\"><div class=\"heading-wrap\">\n<h3>Banana<\/h3>\n<\/div><\/div>   <\/div><\/div><\/div><\/div><div class=\"cell\"><div class=\"inner-wrap-outer\"><div class=\"inner-wrap\" ><div class=\"nectar-fancy-box using-img\" style=\"min-height: 450px\" data-style=\"hover_desc\" data-border-radius=\"default\" data-animation=\"\" data-bg-animation=\"none\" data-border=\"\" data-delay=\"\" data-alignment=\"left\" data-color=\"accent-color\" ><div class=\"box-bg\" role=\"presentation\"  data-nectar-img-src=\"https:\/\/yachtprospain.com\/wp-content\/uploads\/2022\/11\/paracaidas-eventos.jpg\"><\/div><div class=\"inner\"><div class=\"heading-wrap\">\n<h3>Parachute<\/h3>\n<\/div><\/div>   <\/div><\/div><\/div><\/div><div class=\"cell\"><div class=\"inner-wrap-outer\"><div class=\"inner-wrap\" ><div class=\"nectar-fancy-box using-img\" style=\"min-height: 450px\" data-style=\"hover_desc\" data-border-radius=\"default\" data-animation=\"\" data-bg-animation=\"none\" data-border=\"\" data-delay=\"\" data-alignment=\"left\" data-color=\"accent-color\" ><div class=\"box-bg\" role=\"presentation\"  data-nectar-img-src=\"https:\/\/yachtprospain.com\/wp-content\/uploads\/2022\/11\/Donut-eventos.jpg\"><\/div><div class=\"inner\"><div class=\"heading-wrap\">\n<h3>Donut<\/h3>\n<\/div><\/div>   <\/div><\/div><\/div><\/div><div class=\"cell\"><div class=\"inner-wrap-outer\"><div class=\"inner-wrap\" ><div class=\"nectar-fancy-box using-img\" style=\"min-height: 450px\" data-style=\"hover_desc\" data-border-radius=\"default\" data-animation=\"\" data-bg-animation=\"none\" data-border=\"\" data-delay=\"\" data-alignment=\"left\" data-color=\"accent-color\" ><div class=\"box-bg\" role=\"presentation\"  data-nectar-img-src=\"https:\/\/yachtprospain.com\/wp-content\/uploads\/2022\/11\/sopa-eventos.jpg\"><\/div><div class=\"inner\"><div class=\"heading-wrap\">\n<h3>Soups<\/h3>\n<\/div><\/div>   <\/div><\/div><\/div><\/div><\/div><\/div><\/div>\n\t\t\t<\/div> \n\t\t<\/div>\n\t<\/div> \n<\/div><\/div>","protected":false},"excerpt":{"rendered":"Jet Ski Vive la experiencia de tu vida, realizando el alquiler de moto\u00a0 de agua, ya sea con o sin licencia. Saber m\u00e1s Eventos N\u00e1uticos Celebramos tu cumplea\u00f1os, despedidas de...","protected":false},"author":1,"featured_media":0,"parent":0,"menu_order":0,"comment_status":"closed","ping_status":"closed","template":"","meta":{"jetpack_post_was_ever_published":false,"_joinchat":[],"footnotes":""},"tags":[],"class_list":["post-312","page","type-page","status-publish"],"_hostinger_reach_plugin_has_subscription_block":false,"_hostinger_reach_plugin_is_elementor":false,"jetpack_shortlink":"https:\/\/wp.me\/P9sOOi-52","jetpack_sharing_enabled":false,"_links":{"self":[{"href":"https:\/\/yachtprospain.com\/en\/wp-json\/wp\/v2\/pages\/312","targetHints":{"allow":["GET"]}}],"collection":[{"href":"https:\/\/yachtprospain.com\/en\/wp-json\/wp\/v2\/pages"}],"about":[{"href":"https:\/\/yachtprospain.com\/en\/wp-json\/wp\/v2\/types\/page"}],"author":[{"embeddable":true,"href":"https:\/\/yachtprospain.com\/en\/wp-json\/wp\/v2\/users\/1"}],"replies":[{"embeddable":true,"href":"https:\/\/yachtprospain.com\/en\/wp-json\/wp\/v2\/comments?post=312"}],"version-history":[{"count":0,"href":"https:\/\/yachtprospain.com\/en\/wp-json\/wp\/v2\/pages\/312\/revisions"}],"wp:attachment":[{"href":"https:\/\/yachtprospain.com\/en\/wp-json\/wp\/v2\/media?parent=312"}],"wp:term":[{"taxonomy":"post_tag","embeddable":true,"href":"https:\/\/yachtprospain.com\/en\/wp-json\/wp\/v2\/tags?post=312"}],"curies":[{"name":"wp","href":"https:\/\/api.w.org\/{rel}","templated":true}]}}