{"id":278,"date":"2017-12-28T13:37:01","date_gmt":"2017-12-28T12:37:01","guid":{"rendered":"https:\/\/yachtprospain.com\/?page_id=278"},"modified":"2026-01-11T20:58:48","modified_gmt":"2026-01-11T19:58:48","slug":"traslado-de-embarcaciones-malaga","status":"publish","type":"page","link":"https:\/\/yachtprospain.com\/en\/traslado-de-embarcaciones-malaga\/","title":{"rendered":"Boat Transfer"},"content":{"rendered":"<div id=\"fws_69f98dffcbb10\"  data-column-margin=\"default\" data-midnight=\"dark\"  class=\"wpb_row vc_row-fluid vc_row full-width-section has-row-bg-color\"  style=\"padding-top: 0px; padding-bottom: 0px; --row-bg-color: #ffffff;\"><div class=\"row-bg-wrap\" data-bg-animation=\"none\" data-bg-animation-delay=\"\" data-bg-overlay=\"false\"><div class=\"inner-wrap row-bg-layer\" ><div class=\"row-bg viewport-desktop using-bg-color\"  style=\"background-color: #ffffff; \"><\/div><\/div><\/div><div class=\"row_col_wrap_12 col span_12 dark left\">\n\t<div  class=\"vc_col-sm-12 wpb_column column_container vc_column_container col centered-text no-extra-padding inherit_tablet inherit_phone flex_gap_desktop_10px\"  data-padding-pos=\"all\" data-has-bg-color=\"false\" data-bg-color=\"\" data-bg-opacity=\"1\" data-animation=\"\" data-delay=\"0\" >\n\t\t<div class=\"vc_column-inner\" >\n\t\t\t<div class=\"wpb_wrapper\">\n\t\t\t\t<div class=\"divider-wrap\" data-alignment=\"default\"><div style=\"height: 100px;\" class=\"divider\"><\/div><\/div><div class=\"nectar-split-heading  font_size_2vw\" data-align=\"center\" data-m-align=\"inherit\" data-text-effect=\"default\" data-animation-type=\"twist-in\" data-animation-delay=\"0\" data-animation-offset=\"\" data-m-rm-animation=\"\" data-stagger=\"\" data-custom-font-size=\"true\" style=\"font-size: 2.5vw; line-height: 2.75vw;\"><h1 style=\" color: #1e83ec;\">Boat transfers in Malaga and the Costa del Sol<\/h1><\/div>\n\t\t\t<\/div> \n\t\t<\/div>\n\t<\/div> \n<\/div><\/div>\n\t\t<div id=\"fws_69f98dffcbe81\"  data-column-margin=\"custom\" data-midnight=\"dark\" data-top-percent=\"5%\" data-bottom-percent=\"10%\"  class=\"wpb_row vc_row-fluid vc_row full-width-section  column-margin-4pct top_padding_tablet_5pct top_padding_phone_10pct\"  style=\"padding-top: calc(100vw * 0.05); padding-bottom: calc(100vw * 0.10); \"><div class=\"row-bg-wrap\" data-bg-animation=\"none\" data-bg-animation-delay=\"\" data-bg-overlay=\"false\"><div class=\"inner-wrap row-bg-layer\" ><div class=\"row-bg viewport-desktop\"  style=\"\"><\/div><\/div><\/div><div class=\"row_col_wrap_12 col span_12 dark left\">\n\t<div  class=\"vc_col-sm-4 wpb_column column_container vc_column_container col nectar-sticky-column-css has-animation no-extra-padding el_spacing_30px inherit_tablet inherit_phone flex_gap_desktop_10px\"  data-padding-pos=\"all\" data-has-bg-color=\"false\" data-bg-color=\"\" data-bg-opacity=\"1\" data-animation=\"fade-in\" data-delay=\"0\" >\n\t\t<div class=\"n-sticky\"><div class=\"vc_column-inner\" >\n\t\t\t<div class=\"wpb_wrapper\">\n\t\t\t\t<div class=\"nectar-responsive-text font_size_max_54px font_size_desktop_1vw font_size_tablet_5vw font_size_phone_5vw font_line_height_1-3 nectar-link-underline-effect\"><h3><b>Professional boat transport from Malaga<\/b><\/h3>\n<\/div><div id=\"fws_69f98dffcc125\" data-midnight=\"\" data-column-margin=\"default\" class=\"wpb_row vc_row-fluid vc_row inner_row\"  style=\"\"><div class=\"row-bg-wrap\"> <div class=\"row-bg\" ><\/div> <\/div><div class=\"row_col_wrap_12_inner col span_12  left\">\n\t<div  class=\"vc_col-sm-6 vc_col-xs-6 wpb_column column_container vc_column_container col child_column no-extra-padding el_spacing_5px inherit_tablet inherit_phone flex_gap_desktop_10px\"   data-padding-pos=\"all\" data-has-bg-color=\"false\" data-bg-color=\"\" data-bg-opacity=\"1\" data-animation=\"\" data-delay=\"0\" >\n\t\t<div class=\"vc_column-inner\" >\n\t\t<div class=\"wpb_wrapper\">\n\t\t\t<div class=\"nectar-responsive-text font_size_desktop_0vw font_size_tablet_4vw font_size_phone_3vw font_line_height_1-2 nectar-link-underline-effect\" style=\"color: #297ECE;\" data-inherit-heading-family=\"i\"><h4 class=\"p1\"><strong>Land transport of vessels<\/strong><\/h4>\n<\/div>\n\t\t<\/div> \n\t<\/div>\n\t<\/div> \n\n\t<div  class=\"vc_col-sm-6 vc_col-xs-6 wpb_column column_container vc_column_container col child_column no-extra-padding el_spacing_5px inherit_tablet inherit_phone flex_gap_desktop_10px\"   data-padding-pos=\"all\" data-has-bg-color=\"false\" data-bg-color=\"\" data-bg-opacity=\"1\" data-animation=\"\" data-delay=\"0\" >\n\t\t<div class=\"vc_column-inner\" >\n\t\t<div class=\"wpb_wrapper\">\n\t\t\t<div class=\"nectar-responsive-text font_size_desktop_0vw font_size_tablet_4vw font_size_phone_3vw font_line_height_1-2 nectar-link-underline-effect\" style=\"color: #297ECE;\" data-inherit-heading-family=\"i\"><h4 class=\"p1\"><strong>Professional nautical transport<\/strong><\/h4>\n<\/div><div class=\"divider-wrap\" data-alignment=\"default\"><div style=\"height: 25px;\" class=\"divider\"><\/div><\/div>\n\t\t<\/div> \n\t<\/div>\n\t<\/div> \n<\/div><\/div><div id=\"fws_69f98dffcc4a2\" data-midnight=\"\" data-column-margin=\"default\" class=\"wpb_row vc_row-fluid vc_row inner_row\"  style=\"\"><div class=\"row-bg-wrap\"> <div class=\"row-bg\" ><\/div> <\/div><div class=\"row_col_wrap_12_inner col span_12  left\">\n\t<div  class=\"vc_col-sm-12 wpb_column column_container vc_column_container col child_column no-extra-padding el_spacing_10px inherit_tablet inherit_phone flex_gap_desktop_10px\"   data-padding-pos=\"all\" data-has-bg-color=\"false\" data-bg-color=\"\" data-bg-opacity=\"1\" data-animation=\"\" data-delay=\"0\" >\n\t\t<div class=\"vc_column-inner\" >\n\t\t<div class=\"wpb_wrapper\">\n\t\t\t<div class=\"nectar-responsive-text nectar-link-underline-effect\"><p class=\"p1\">We offer a <span class=\"s1\"><b>Specialized boat transport service in Malaga and the Costa del Sol<\/b><\/span>, Designed for homeowners seeking security, precision, and complete peace of mind. We perform relocations. <span class=\"s1\"><b>by sea or by land<\/b><\/span>, coordinated by nautical transport professionals and <span class=\"s1\"><b>qualified skippers by the Merchant Marine<\/b><\/span>, ensuring that your vessel arrives at its destination in perfect condition.<\/p>\n<\/div><div class=\"divider-wrap\" data-alignment=\"default\"><div style=\"height: 25px;\" class=\"divider\"><\/div><\/div><div class=\"nectar-cta  alignment_tablet_default alignment_phone_default display_tablet_inherit display_phone_inherit\" data-color=\"extra-color-gradient-1\" data-using-bg=\"true\" data-style=\"arrow-animation\" data-display=\"block\" data-alignment=\"left\" data-text-color=\"custom\" style=\"--nectar-text-color: #ffffff; --nectar-button-color: var(--nectar-extra-color-gradient-1); --nectar-icon-gap: 10px; \"><h5 style=\"color: #ffffff;\"><span class=\"link_wrap\" style=\"padding-top: 15px; padding-right: 35px; padding-bottom: 15px; padding-left: 35px;\"><a target=\"_blank\" rel=\"nofollow\" class=\"link_text\" role=\"button\" href=\"https:\/\/wa.me\/34634471250?text=Hola%20YachtPro%20Spain,%20quiero%20confirmar%20disponibilidad%20para%20el%20velero%20Mami%20(Jeanneau%20Sun%20Odyssey%20389)%20el%20%5BFECHA%5D%20a%20las%20%5BHORA%5D%20para%20%5BPERSONAS%5D%20personas.\"><span class=\"text\">Book via WhatsApp<\/span><svg class=\"next-arrow\" aria-hidden=\"true\" width=\"20px\" height=\"25px\" viewbox=\"0 0 50 80\" xml:space=\"preserve\">\n  <polyline stroke=\"#ffffff\" stroke-width=\"9\" fill=\"none\" stroke-linecap=\"round\" stroke-linejoin=\"round\" points=\"0, 0 45, 40 0, 80\"\/>\n  <\/svg>  <span aria-hidden=\"true\" class=\"line\"  style=\"background-color: #ffffff;\"><\/span> <\/a><\/span><\/h5><\/div><div class=\"divider-wrap\" data-alignment=\"default\"><div style=\"height: 25px;\" class=\"divider\"><\/div><\/div><div class=\"nectar-responsive-text nectar-link-underline-effect\"><h3><b>Professional boat transport from Malaga<\/b><\/h3>\n<p class=\"p1\">Whether it&#039;s a <span class=\"s1\"><b>Maritime transport with professional skipper<\/b><\/span> or a <span class=\"s1\"><b>specialized ground transportation<\/b><\/span>, We work under strict safety protocols and current regulations. We supervise every stage of the process to protect the structure, systems, and overall condition of the vessel, minimizing risks and avoiding unnecessary costs.<\/p>\n<h3>Certified Patterns | <b>Total peace of mind, wherever you are<\/b><\/h3>\n<p class=\"p3\">We take care of everything to ensure your ship reaches its destination. <span class=\"s2\"><b>under the same conditions in which it left<\/b><\/span>. Whether for maintenance, buying and selling, changing moorings or international relocation, we offer a reliable service, designed for discerning owners who value experience and care for their vessel.<\/p>\n<\/div>\n\t\t<\/div> \n\t<\/div>\n\t<\/div> \n<\/div><\/div>\n\t\t\t<\/div> \n\t\t<\/div><\/div>\n\t<\/div> \n\n\t<div  class=\"vc_col-sm-8 wpb_column column_container vc_column_container col has-animation no-extra-padding el_spacing_20px inherit_tablet inherit_phone flex_gap_desktop_10px\"  data-padding-pos=\"all\" data-has-bg-color=\"false\" data-bg-color=\"\" data-bg-opacity=\"1\" data-animation=\"fade-in\" data-delay=\"0\" >\n\t\t<div class=\"vc_column-inner\" >\n\t\t\t<div class=\"wpb_wrapper\">\n\t\t\t\t<div class=\"img-with-aniamtion-wrap\" data-max-width=\"100%\" data-max-width-mobile=\"default\" data-border-radius=\"20px\" data-shadow=\"none\" data-animation=\"none\" >\n      <div class=\"inner\">\n        <div class=\"hover-wrap\"> \n          <div class=\"hover-wrap-inner\">\n            <img loading=\"lazy\" decoding=\"async\" class=\"img-with-animation skip-lazy\" data-delay=\"0\" height=\"736\" width=\"670\" data-animation=\"none\" src=\"https:\/\/yachtprospain.com\/wp-content\/uploads\/2022\/11\/traslado-embarcacion-marbella.jpg\" alt=\"traslado-embarcaci\u00f3n-marbella\" srcset=\"https:\/\/yachtprospain.com\/wp-content\/uploads\/2022\/11\/traslado-embarcacion-marbella.jpg 670w, https:\/\/yachtprospain.com\/wp-content\/uploads\/2022\/11\/traslado-embarcacion-marbella-600x659.jpg 600w, https:\/\/yachtprospain.com\/wp-content\/uploads\/2022\/11\/traslado-embarcacion-marbella-273x300.jpg 273w\" sizes=\"auto, (max-width: 670px) 100vw, 670px\" \/>\n          <\/div>\n        <\/div>\n        \n      <\/div>\n    <\/div><div class=\"img-with-aniamtion-wrap  custom-size\" data-max-width=\"none\" data-max-width-mobile=\"default\" data-border-radius=\"20px\" data-shadow=\"none\" data-animation=\"none\" >\n      <div class=\"inner\">\n        <div class=\"hover-wrap\"> \n          <div class=\"hover-wrap-inner\">\n            <img loading=\"lazy\" decoding=\"async\" class=\"img-with-animation skip-lazy\" data-delay=\"0\" height=\"600\" width=\"800\" data-animation=\"none\" src=\"https:\/\/yachtprospain.com\/wp-content\/uploads\/2022\/11\/traslado-embarcaciones.jpg\" alt=\"traslado-embarcaciones\" srcset=\"https:\/\/yachtprospain.com\/wp-content\/uploads\/2022\/11\/traslado-embarcaciones.jpg 800w, https:\/\/yachtprospain.com\/wp-content\/uploads\/2022\/11\/traslado-embarcaciones-600x450.jpg 600w, https:\/\/yachtprospain.com\/wp-content\/uploads\/2022\/11\/traslado-embarcaciones-300x225.jpg 300w, https:\/\/yachtprospain.com\/wp-content\/uploads\/2022\/11\/traslado-embarcaciones-768x576.jpg 768w\" sizes=\"auto, (max-width: 800px) 100vw, 800px\" \/>\n          <\/div>\n        <\/div>\n        \n      <\/div>\n    <\/div>\n\t\t\t<\/div> \n\t\t<\/div>\n\t<\/div> \n<\/div><\/div>","protected":false},"excerpt":{"rendered":"Traslado de barcos en M\u00e1laga y Costa del Sol Transporte profesional de embarcaciones desde M\u00e1laga Traslado de embarcaciones por tierra Transporte n\u00e1utico profesional Ofrecemos un servicio especializado de traslado de...","protected":false},"author":1,"featured_media":10705,"parent":0,"menu_order":0,"comment_status":"closed","ping_status":"closed","template":"","meta":{"jetpack_post_was_ever_published":false,"_joinchat":[],"footnotes":""},"tags":[],"class_list":["post-278","page","type-page","status-publish","has-post-thumbnail"],"_hostinger_reach_plugin_has_subscription_block":false,"_hostinger_reach_plugin_is_elementor":false,"jetpack_shortlink":"https:\/\/wp.me\/P9sOOi-4u","jetpack_sharing_enabled":false,"_links":{"self":[{"href":"https:\/\/yachtprospain.com\/en\/wp-json\/wp\/v2\/pages\/278","targetHints":{"allow":["GET"]}}],"collection":[{"href":"https:\/\/yachtprospain.com\/en\/wp-json\/wp\/v2\/pages"}],"about":[{"href":"https:\/\/yachtprospain.com\/en\/wp-json\/wp\/v2\/types\/page"}],"author":[{"embeddable":true,"href":"https:\/\/yachtprospain.com\/en\/wp-json\/wp\/v2\/users\/1"}],"replies":[{"embeddable":true,"href":"https:\/\/yachtprospain.com\/en\/wp-json\/wp\/v2\/comments?post=278"}],"version-history":[{"count":8,"href":"https:\/\/yachtprospain.com\/en\/wp-json\/wp\/v2\/pages\/278\/revisions"}],"predecessor-version":[{"id":10704,"href":"https:\/\/yachtprospain.com\/en\/wp-json\/wp\/v2\/pages\/278\/revisions\/10704"}],"wp:featuredmedia":[{"embeddable":true,"href":"https:\/\/yachtprospain.com\/en\/wp-json\/wp\/v2\/media\/10705"}],"wp:attachment":[{"href":"https:\/\/yachtprospain.com\/en\/wp-json\/wp\/v2\/media?parent=278"}],"wp:term":[{"taxonomy":"post_tag","embeddable":true,"href":"https:\/\/yachtprospain.com\/en\/wp-json\/wp\/v2\/tags?post=278"}],"curies":[{"name":"wp","href":"https:\/\/api.w.org\/{rel}","templated":true}]}}